{"id":986,"date":"2024-05-28T10:04:34","date_gmt":"2024-05-28T08:04:34","guid":{"rendered":"https:\/\/www.athema.it\/catalogo_benedini\/?page_id=986"},"modified":"2024-11-06T12:18:24","modified_gmt":"2024-11-06T11:18:24","slug":"film","status":"publish","type":"page","link":"https:\/\/www.athema.it\/catalogo_benedini\/film\/","title":{"rendered":"Film"},"content":{"rendered":"\n<h2>\n\t\tFilm\t<a class=\"paoc-popup-click paoc-popup-cust-1582 paoc-popup-button paoc-popup-btn \" href=\"javascript:void(0);\">[1]<\/a>\r\n\n\t<\/h2>\n\t<p><i>Le pizze originali sono state donate al Centro Sperimentale di Cinematografia Cineteca Nazionale di Roma<\/i>\t<a class=\"paoc-popup-click paoc-popup-cust-1583 paoc-popup-button paoc-popup-btn \" href=\"javascript:void(0);\">[2]<\/a>\r\n<i>; copia in versione digitale \u00e8 conservata presso l&#8217;Archivio Gabriella Benedini di Milano.<\/i><\/p>\n<p><b><i>Doprenoi <\/i><\/b>(AGB 2205), gennaio 1973 Super 8 a colori della durata di 16 minuti, la cui fotografia \u00e8 opera di Mario Canova e Gabriella\u00a0 Benedini.<\/p>\n<p>\u00abIl titolo si serve della polivalenza delle assonanze: dopo &#8211; d&#8217;apr\u00e8s &#8211; prima &#8211; noi. E&#8217; un racconto senza episodi specifici, fatto di immagini di un universo utopico in formazione, di allusioni e trasparenze, di corpi fluttuanti come in un acquario, soggetti a cicli apparentemente immobili ma in lentissima evoluzione. Il film si divide in tre parti.\u00bb\t<a class=\"paoc-popup-click paoc-popup-cust-1584 paoc-popup-button paoc-popup-btn \" href=\"javascript:void(0);\">[3]<\/a>\r\n Come ricorda l&#8217;artista \u00abL&#8217;ispirazione mi era venuta da una goccia che cadeva. Divent\u00f2 la protagonista. Mescolavo dei reperti dei miei viaggi, oggetti che facevano parte del mio personalissimo deposito di immagini, alla goccia che cadeva, con riprese incrociate che introducevano le mie opere e la goccia aveva funzione di scandire il tempo dei vari passaggi. Era un modo di raccontare l&#8217;origine del mio lavoro.\u00bb\t<a class=\"paoc-popup-click paoc-popup-cust-1585 paoc-popup-button paoc-popup-btn \" href=\"javascript:void(0);\">[4]<\/a>\r\n<\/p>\n<p>&nbsp;<\/p>\n<b><i>Diutop <\/i><\/b>(AGB 2206),<i>\u00a0<\/i> marzo 1975\u00a0 Super 8 in bianco e nero della durata di 30 minuti realizzato dall&#8217;artista.<br \/>\nMusica: <i>Exit <\/i>dall&#8217;album <i>Eden Roc<\/i> di Ludovico Einaudi\n\u00abIl titolo \u00e8 composto dalle parole &#8220;Di&#8221; cio\u00e8 giorno e &#8220;Utop&#8221; come utopia, quindi il giorno dell&#8217;utopia. Una presenza proposta come primordiale biologico, nasce dal mare, mitico elemento del flusso vitale, assume le caratteristiche\u00a0 di un abnorme embrione in bilico tra un orizzonte di catastrofe oppure quello di una futura palingenesi.\u00bb\t<a class=\"paoc-popup-click paoc-popup-cust-1586 paoc-popup-button paoc-popup-btn \" href=\"javascript:void(0);\">[5]<\/a>\r\n<br \/>\nSecondo la testimonianza dell&#8217;artista, il filmato \u00e8 stato realizzato con la collaborazione del marito sulla spiaggia di Rosignano Solvay (Livorno) di fronte alla dismessa azienda chimica: una spiaggia calcificata, completamente bianca con vicino una montagna di rifiuti, cui si aggiungono riprese\u00a0 della riva del Lambro e di alberi orrendamente potati in piazzale Lotto a Milano, scegliendo i mesi invernali. \u00ab[&#8230;] <i>Diutop<\/i> pone al centro di tutto l&#8217;inquietante presenza di un elemento biologico primordiale, che nasce dal mare come nelle antiche storie mitologiche. Con <i>Diutop<\/i> l&#8217;artista immerge il fruitore nelle problematiche legate al binomio uomo-natura.\u00bb\t<a class=\"paoc-popup-click paoc-popup-cust-1587 paoc-popup-button paoc-popup-btn \" href=\"javascript:void(0);\">[6]<\/a>\r\n<br \/>\nIl filmato nasce per dare nuova vita alla grande scultura (AGB 0206) in PVC esposta alla personale tenuta al Centro di Attivit\u00e0 Visive-Palazzo dei Diamanti di Ferrara (12 dicembre 1971 &#8211; 6 gennaio 1972)\t<a class=\"paoc-popup-click paoc-popup-cust-1588 paoc-popup-button paoc-popup-btn \" href=\"javascript:void(0);\">[7]<\/a>\r\n rimasta abbandonata per alcuni anni nella cantina dell&#8217;artista. L&#8217;opera di notevoli dimensioni (la &#8220;testa&#8221; di tre metri e mezzo e una lunga propaggine, simile a un cordone ombelicale, di dodici metri) \u00e8 realizzata grazie alla collaborazione dello scultore Franco Mazzucchelli.\n<p>&nbsp;<\/p>\n<b><i>Deserto <\/i><\/b>(AGB 0247<b><i>)<\/i>,<\/b> 1978 Super 8 in color seppia della durata di 4 minuti<br \/>\nMusica: <i>Fuori dal mondo<\/i> dall&#8217;album <i>Eden Roc<\/i> di Ludovico Einaudi\n<p>Il filmato \u00e8 girato in studio dove l&#8217;artista ha ricostruito una sorta di deserto illuminato in modo alternato da un astro senza precisare se luna o sole. Dal terreno emerge una scatola rettangolare, che, liberatasi dalla sabbia, svela un antico strumento, una bussola cinquecentesca in dialogo con un pendolo e una bola, pietra sferica del deserto usata dall&#8217;uomo preistorico come strumento per la caccia. Quest&#8217;ultima \u00e8 accarezzata da mani femminili (le mani dell&#8217;artista), tra le cui dita scorre la sabbia. Scrive Angela Madesani: \u00abIl lavoro \u00e8 profondamente influenzato dai viaggi compiuti in quegli anni, in particolare in Medio Oriente, in Africa, nel Sahara, in cui habitat e condizione psicologica sono rarefatti nella denuncia pi\u00f9 o meno palese della condizione di alienamento dell&#8217;uomo contemporaneo. In tutto questo \u00e8 la ricerca di una verginit\u00e0 primigenia.\u00bb\t<a class=\"paoc-popup-click paoc-popup-cust-1589 paoc-popup-button paoc-popup-btn \" href=\"javascript:void(0);\">[8]<\/a>\r\n<\/p>\n \r\n\r\n<form action=\"#\" method=\"post\">\r\n<table>\r\n\t<tr>\r\n\t\t<td>Codice<\/td><td><input type=\"text\" name=\"ope_codi\" size=\"50\" maxlength=\"50\" style=\"width:150px;\" value=\"\"><\/td>\r\n\t\t<td>Inventario<\/td><td><input type=\"text\" name=\"ope_inv\" size=\"50\" maxlength=\"50\" style=\"width:150px;\" value=\"\"><\/td>\r\n\t<\/tr>\r\n\t<tr>\r\n\t\t<td>Titolo<\/td><td colspan=3><input type=\"text\" name=\"ope_tit\" size=\"350\" maxlength=\"50\" style=\"width:735px;\" value=\"\"><\/td>\r\n\t<\/tr>\r\n\t<tr>\r\n\t\t<td>Tecnica<\/td><td><input type=\"text\" name=\"ope_tec\" size=\"50\" maxlength=\"50\" style=\"width:200px;\" value=\"\"><\/td>\r\n\t\t<td>Supporto<\/td><td><input type=\"text\" name=\"ope_sup\" size=\"50\" maxlength=\"50\" style=\"width:200px;\" value=\"\"><\/td>\r\n\t<\/tr>\r\n\t<tr>\r\n\t\t<td>Dall'anno<\/td><td><input type=\"text\" name=\"dallanno\" size=\"50\" maxlength=\"50\" style=\"width:100px;\" value=\"\"><\/td>\r\n\t\t<td> All'anno<\/td><td><input type=\"text\" name=\"allanno\" size=\"50\" maxlength=\"50\" style=\"width:100px;\" value=\"\"><\/td>\r\n\t<\/tr>\r\n\t\t<tr>\r\n\t\t<td>\r\n\t<label>Ordine di data:<\/label>\r\n\t\t<\/td>\r\n\t\t<td>\r\n   <input type=\"radio\" name=\"ordine\" value=\"asc\" checked> Ascendente \u2193\r\n\t&nbsp;&nbsp;\r\n\t\t\t<input type=\"radio\" name=\"ordine\" value=\"desc\" > Discendente \u2191\r\n\t\t<\/td>\r\n\t\t<\/tr>\r\n\t<\/table>\r\n \r\n\r\n <input type=\"hidden\" name=\"risu\" size=\"6\" maxlength=\"6\" value=\"SELECT * FROM AOANAOPE  WHERE OPE_CODI>'0' AND  OPE_ALERT<>1 AND OPE_INV LIKE 'Film%' ORDER BY OPE_DATA ASC\"><br>\r\n <input type=\"submit\" value=\"Cerca\">\r\n <\/form>\r\n<table width=100% bgcolor=#FFFFFF border=1 cellspacing=1 cellpadding=1 bordercolorlight=#000000 bordercolordark=#000000><tr><td align=left><a href=https:\/\/www.athema.it\/arcope\/benedini\/scheda_catalogo.php?OPE_CODI=2205 target=_blank><img src=https:\/\/www.athema.it\/arcope\/benedini\/images\/ style=height:200px; \/><\/a><br \/>AGB 2205 - Film 2<br \/><i>Doprenoi<\/i>, gennaio 1973<br \/> Colore su super 8, durata 16 minuti<\/td><td align=left><a href=https:\/\/www.athema.it\/arcope\/benedini\/scheda_catalogo.php?OPE_CODI=2206 target=_blank><img src=https:\/\/www.athema.it\/arcope\/benedini\/images\/ style=height:200px; \/><\/a><br \/>AGB 2206 - Film 3<br \/><i>Diutop<\/i>, marzo 1975<br \/> Bianco e nero su super 8, durata 30 minuti<\/td><td align=left><a href=https:\/\/www.athema.it\/arcope\/benedini\/scheda_catalogo.php?OPE_CODI=0247 target=_blank><img src=https:\/\/www.athema.it\/arcope\/benedini\/images\/0247.JPG style=height:200px; \/><\/a><br \/>AGB 0247 - Film 1<br \/><i>Deserto<\/i>, 1978<br \/> Seppia su super 8, durata 4 minuti<\/td><\/tr><tr><td colspan=3><br \/><\/td><\/tr><\/table>\n\n","protected":false},"excerpt":{"rendered":"<p>Film Le pizze originali sono state donate al Centro Sperimentale di Cinematografia Cineteca Nazionale di Roma; copia in versione digitale \u00e8 conservata presso l&#8217;Archivio Gabriella Benedini di Milano. Doprenoi (AGB 2205), gennaio 1973 Super 8 a colori della durata di 16 minuti, la cui fotografia \u00e8 opera di Mario Canova e Gabriella\u00a0 Benedini. \u00abIl titolo si serve della polivalenza delle assonanze: dopo &#8211; d&#8217;apr\u00e8s &#8211; prima &#8211; noi. E&#8217; un racconto senza episodi specifici, fatto di immagini di un universo utopico in formazione, di allusioni e trasparenze, di corpi fluttuanti come in un acquario, soggetti a cicli apparentemente immobili ma in lentissima evoluzione. Il film si divide in tre parti.\u00bb&hellip; <a class=\"read-more\" href=\"https:\/\/www.athema.it\/catalogo_benedini\/film\/\">Read More<\/a><\/p>\n","protected":false},"author":1,"featured_media":0,"parent":0,"menu_order":0,"comment_status":"closed","ping_status":"closed","template":"","meta":{"footnotes":""},"class_list":["post-986","page","type-page","status-publish","hentry"],"_links":{"self":[{"href":"https:\/\/www.athema.it\/catalogo_benedini\/wp-json\/wp\/v2\/pages\/986","targetHints":{"allow":["GET"]}}],"collection":[{"href":"https:\/\/www.athema.it\/catalogo_benedini\/wp-json\/wp\/v2\/pages"}],"about":[{"href":"https:\/\/www.athema.it\/catalogo_benedini\/wp-json\/wp\/v2\/types\/page"}],"author":[{"embeddable":true,"href":"https:\/\/www.athema.it\/catalogo_benedini\/wp-json\/wp\/v2\/users\/1"}],"replies":[{"embeddable":true,"href":"https:\/\/www.athema.it\/catalogo_benedini\/wp-json\/wp\/v2\/comments?post=986"}],"version-history":[{"count":7,"href":"https:\/\/www.athema.it\/catalogo_benedini\/wp-json\/wp\/v2\/pages\/986\/revisions"}],"predecessor-version":[{"id":2104,"href":"https:\/\/www.athema.it\/catalogo_benedini\/wp-json\/wp\/v2\/pages\/986\/revisions\/2104"}],"wp:attachment":[{"href":"https:\/\/www.athema.it\/catalogo_benedini\/wp-json\/wp\/v2\/media?parent=986"}],"curies":[{"name":"wp","href":"https:\/\/api.w.org\/{rel}","templated":true}]}}