{"id":974,"date":"2024-05-28T10:02:25","date_gmt":"2024-05-28T08:02:25","guid":{"rendered":"https:\/\/www.athema.it\/catalogo_benedini\/?page_id=974"},"modified":"2026-01-07T12:48:53","modified_gmt":"2026-01-07T11:48:53","slug":"arpe","status":"publish","type":"page","link":"https:\/\/www.athema.it\/catalogo_benedini\/arpe\/","title":{"rendered":"Arpe"},"content":{"rendered":"\n<h2>\n\t\t\tArpe\t<\/h2>\n\t<p>\u00ab[&#8230;] nel mio lavoro non c&#8217;\u00e8 solo la geometria, c&#8217;\u00e8 anche la fuga incommensurabile del suono, attraverso quelle sculture che chiamo arpe. [&#8230;] Il filo delle arpe \u00e8 la congiunzione tra un arco e un corpo, che avviene attraverso un filo, che \u00e8 una specie di estensione dell&#8217;arco: mi \u00e8 venuto spontaneo pensare che esso fosse anche un&#8217;estensione di suono, che avesse una possibilit\u00e0 di propagazione molto pi\u00f9 vasta, quasi infinita\u00bb cos\u00ec Gabriella Benedini &#8220;racconta&#8221; le sue arpe\t<a class=\"paoc-popup-click paoc-popup-cust-1572 paoc-popup-button paoc-popup-btn \" href=\"javascript:void(0);\">[1]<\/a>\r\n, sculture tridimensionali di grandi dimensioni, ma anche pi\u00f9 piccole, da appendere, originali sculture pensili. In tutto ne ha create quarantacinque, undici delle quali sono le sculture pensili intitolate <i>Arpe ferite<\/i>. Completa la serie delle Arpe una piccola tavola del 2007 (AGB 0865).<\/p>\n<p>La prima <i>Arpa<\/i> \u00e8 realizzata tra il 1990 e il 1991 (AGB 0750) e nel corso del 1991 ne vengono elaborate altre tre (AGB 0082; 0086; 0085), esposte per la prima volta alla galleria\u00a0 Spaziotemporaneo di Milano nel 1992\t<a class=\"paoc-popup-click paoc-popup-cust-1574 paoc-popup-button paoc-popup-btn \" href=\"javascript:void(0);\">[2]<\/a>\r\n con presentazione in catalogo di Gillo Dorfles, che scrive: \u00abQuali note &#8211; arcane, impercettibili, inafferrabili da orecchie umane &#8211; risuonano dalle grandi &#8220;Arpe&#8221; che Gabriella Benedini espone allo Spazio Temporaneo? Forse si tratta non di suoni ma di ultrasuoni emanati non da forme materiali (anche se costruite con legno, metallo, tela) ma da forme immateriali che l&#8217;artista ha pensato, ideato, e poi misteriosamente ricavato da assemblaggi di materiali trovati, manipolati e piegati ai suoi reconditi fini; o che gli stessi materiali hanno finito per suscitare nella sua mente\u00bb\t<a class=\"paoc-popup-click paoc-popup-cust-1575 paoc-popup-button paoc-popup-btn \" href=\"javascript:void(0);\">[3]<\/a>\r\n.<\/p>\n<p>Interessante \u00e8 la contaminazione che l&#8217;artista opera, o, meglio ancora, gli slittamenti di significato: la grande arpa del 1998 (AGB 0146) \u00e8 costituita dallo scafo di una barca, che abbandona la funzione di mezzo per la navigazione per trasformarsi, posto in tutta la sua altezza, in strumento musicale, e\/o, forse, intende ricordare la musica ammaliatrice del canto delle sirene&#8230;<\/p>\n<p>Importante l&#8217;installazione, della quale purtroppo non esiste documentazione fotografica, <i>Le arpe di Ninive<\/i>\t<a class=\"paoc-popup-click paoc-popup-cust-1576 paoc-popup-button paoc-popup-btn \" href=\"javascript:void(0);\">[4]<\/a>\r\n, costituita dalle due imponenti arpe (AGB 0048 e 0049), realizzate nel corso del 2005 e presentate alla mostra omonima a Palazzo Magnani di Reggio Emilia\t<a class=\"paoc-popup-click paoc-popup-cust-1577 paoc-popup-button paoc-popup-btn \" href=\"javascript:void(0);\">[5]<\/a>\r\n a cura di Sandro Parmiggiani. Si collega idealmente a un viaggio compiuto in Oriente nel 1969 nel quale l&#8217;artista ha visitato, partendo in auto da Milano, Iugoslavia, Bulgaria, Turchia, Iran, Afghanistan fino al Pakistan. Nell&#8217;intervista raccolta da Sandro Parmigiani a corredo del catalogo a questo proposito la Benedini dice che: \u00abC&#8217;\u00e8 appunto una circostanza precisa, la guerra, che mi ha fatto ripensare a quei luoghi. Ne sento i nomi ripetuti tutti i giorni, ricordo quello che ho visto, e immagino le distruzione &#8211; penso alla Biblioteca di Baghdad, con i manoscritti bruciati, o alle opere che avevo ammirato al museo di Baghdad, trafugate, disperse, distrutte. E&#8217; una cosa che mi procura dolore, una pena senza fine. [&#8230;] Esprimo con quest&#8217;opera un grande rispetto e amore per quel paese, l&#8217;Iraq, segnato prima da una dittatura feroce, e poi dalla guerra\u00bb\t<a class=\"paoc-popup-click paoc-popup-cust-1578 paoc-popup-button paoc-popup-btn \" href=\"javascript:void(0);\">[6]<\/a>\r\n. Nascono cos\u00ec, anche datate 2005 e 2006, le <i>Arpe ferite<\/i>, undici drammatiche sculture pensili avvolte in bende (AGB 0059, 0060, 0061, 0062, 0063, 0064, 0065, 0066, 0067, 0068, 1217), esplicita riflessione sui tempi di guerra e sulla distruzione nel Paese asiatico.<\/p>\n<p>E ancora eventi drammatici e irreparabili fanno tornare alla memoria quel viaggio come occasione per una nuova riflessione, che si concretizza nella rassegna <i>Storie perdute<\/i>, ordinata al Centro San Fedele\t<a class=\"paoc-popup-click paoc-popup-cust-1579 paoc-popup-button paoc-popup-btn \" href=\"javascript:void(0);\">[7]<\/a>\r\n, curata da Angela Madesani, in cui fotografie scattate dall&#8217;artista nel suo viaggio del 1969 testimoniano una realt\u00e0 oggi scomparsa, distrutta dalla furia iconoclasta dell&#8217;ISIS. Ne \u00e8 simbolo proprio un&#8217;<i>Arpa<\/i> (AGB 0085) del 1991, ora indicata con il titolo di <i>Arpa di Ninive<\/i>, che viene modificata nel 2019: alcune corde sono slegate, interrompendo la possibilit\u00e0 del suono e a terra sono sparsi dei cocci antichissimi, provenienti da Hatra, che dialogano con lo strumento.\u00a0<\/p>\n<p>E un&#8217;<i>Arpa<\/i> (AGB 0609) \u00e8 inserita nell&#8217;articolato progetto di rivisitazione urbana &#8211; messo a punto con\u00a0 Chiara Benedetti e Sara Maltese &#8211; presentato alla rassegna <i>Scultura nella citt\u00e0. Progetti per Milano<\/i> alla Societ\u00e0 per le Belle Arti ed Esposizione Permanente di Milano\t<a class=\"paoc-popup-click paoc-popup-cust-1580 paoc-popup-button paoc-popup-btn \" href=\"javascript:void(0);\">[8]<\/a>\r\n\u00a0 e insignito del secondo premio, che prevede la risistemazione urbanistica nella zona di San Marco nel capoluogo lombardo con l&#8217;inserimento anche di sette grandi <i>Vele<\/i> in vetroresina\u00a0 (AGB 0410).<\/p>\n\t \r\n\r\n<form action=\"#\" method=\"post\">\r\n<table>\r\n\t<tr>\r\n\t\t<td>Codice<\/td><td><input type=\"text\" name=\"ope_codi\" size=\"50\" maxlength=\"50\" style=\"width:150px;\" value=\"\"><\/td>\r\n\t\t<td>Inventario<\/td><td><input type=\"text\" name=\"ope_inv\" size=\"50\" maxlength=\"50\" style=\"width:150px;\" value=\"\"><\/td>\r\n\t<\/tr>\r\n\t<tr>\r\n\t\t<td>Titolo<\/td><td colspan=3><input type=\"text\" name=\"ope_tit\" size=\"350\" maxlength=\"50\" style=\"width:735px;\" value=\"\"><\/td>\r\n\t<\/tr>\r\n\t<tr>\r\n\t\t<td>Tecnica<\/td><td><input type=\"text\" name=\"ope_tec\" size=\"50\" maxlength=\"50\" style=\"width:200px;\" value=\"\"><\/td>\r\n\t\t<td>Supporto<\/td><td><input type=\"text\" name=\"ope_sup\" size=\"50\" maxlength=\"50\" style=\"width:200px;\" value=\"\"><\/td>\r\n\t<\/tr>\r\n\t<tr>\r\n\t\t<td>Dall'anno<\/td><td><input type=\"text\" name=\"dallanno\" size=\"50\" maxlength=\"50\" style=\"width:100px;\" value=\"\"><\/td>\r\n\t\t<td> All'anno<\/td><td><input type=\"text\" name=\"allanno\" size=\"50\" maxlength=\"50\" style=\"width:100px;\" value=\"\"><\/td>\r\n\t<\/tr>\r\n\t\t<tr>\r\n\t\t<td>\r\n\t<label>Ordine di data:<\/label>\r\n\t\t<\/td>\r\n\t\t<td>\r\n   <input type=\"radio\" name=\"ordine\" value=\"asc\" checked> Ascendente \u2193\r\n\t&nbsp;&nbsp;\r\n\t\t\t<input type=\"radio\" name=\"ordine\" value=\"desc\" > Discendente \u2191\r\n\t\t<\/td>\r\n\t\t<\/tr>\r\n\t<\/table>\r\n \r\n\r\n <input type=\"hidden\" name=\"risu\" size=\"6\" maxlength=\"6\" value=\"SELECT * FROM AOANAOPE  WHERE OPE_CODI>'0' AND  OPE_ALERT<>1 AND OPE_INV LIKE 'Arp%' ORDER BY OPE_DATA ASC\"><br>\r\n <input type=\"submit\" value=\"Cerca\">\r\n <\/form>\r\n<table width=100% bgcolor=#FFFFFF border=1 cellspacing=1 cellpadding=1 bordercolorlight=#000000 bordercolordark=#000000><tr><td align=left><a href=https:\/\/www.athema.it\/arcope\/benedini\/scheda_catalogo.php?OPE_CODI=0750 target=_blank><img src=https:\/\/www.athema.it\/arcope\/benedini\/images\/0750.JPG style=height:200px; \/><\/a><br \/>AGB 0750 - Arpa 37<br \/><i>Arpa \/ Arpa di Pitagora<\/i>, 1990\/1991-2022<br \/> Polimaterica, 240 x 125 (60 alla base) x 23<\/td><td align=left><a href=https:\/\/www.athema.it\/arcope\/benedini\/scheda_catalogo.php?OPE_CODI=0086 target=_blank><img src=https:\/\/www.athema.it\/arcope\/benedini\/images\/0086.JPG style=height:200px; \/><\/a><br \/>AGB 0086 - Arpa 16<br \/><i>Arpa<\/i>, 1991<br \/> Polimaterica, 260 x 120 x 75 \/ 65 circa<\/td><td align=left><a href=https:\/\/www.athema.it\/arcope\/benedini\/scheda_catalogo.php?OPE_CODI=0082 target=_blank><img src=https:\/\/www.athema.it\/arcope\/benedini\/images\/0082.JPG style=height:200px; \/><\/a><br \/>AGB 0082 - Arpa 13<br \/><i>Arpa n. 1<\/i>, 1991-2022<br \/> Polimaterica, 230 x 160  x 18 circa<\/td><\/tr><tr><td colspan=3><br \/><\/td><\/tr><tr><td align=left><a href=https:\/\/www.athema.it\/arcope\/benedini\/scheda_catalogo.php?OPE_CODI=0085 target=_blank><img src=https:\/\/www.athema.it\/arcope\/benedini\/images\/0085.JPG style=height:200px; \/><\/a><br \/>AGB 0085 - Arpa 15<br \/><i>Arpa<\/i>, 1991-2019<br \/> Polimaterica, 260 x 194 x 15<\/td><td align=left><a href=https:\/\/www.athema.it\/arcope\/benedini\/scheda_catalogo.php?OPE_CODI=0393 target=_blank><img src=https:\/\/www.athema.it\/arcope\/benedini\/images\/0393.JPG style=height:200px; \/><\/a><br \/>AGB 0393 - Arpa 30<br \/><i>Arpa n. 5<\/i>, 1992<br \/> Polimaterica, 100 x 20 x 27<\/td><td align=left><a href=https:\/\/www.athema.it\/arcope\/benedini\/scheda_catalogo.php?OPE_CODI=0134 target=_blank><img src=https:\/\/www.athema.it\/arcope\/benedini\/images\/0134.JPG style=height:200px; \/><\/a><br \/>AGB 0134 - Arpa 20<br \/><i>Arpa tesa<\/i>, 1993<br \/> Polimaterica, 74 x 100 x 320 circa<\/td><\/tr><tr><td colspan=3><br \/><\/td><\/tr><tr><td align=left><a href=https:\/\/www.athema.it\/arcope\/benedini\/scheda_catalogo.php?OPE_CODI=0462 target=_blank><img src=https:\/\/www.athema.it\/arcope\/benedini\/images\/0462.JPG style=height:200px; \/><\/a><br \/>AGB 0462 - Arpa 31<br \/><i>Arpa n. 6<\/i>, 1993<br \/> Polimaterica, 250 x 35 circa<\/td><td align=left><a href=https:\/\/www.athema.it\/arcope\/benedini\/scheda_catalogo.php?OPE_CODI=0817 target=_blank><img src=https:\/\/www.athema.it\/arcope\/benedini\/images\/0817.JPG style=height:200px; \/><\/a><br \/>AGB 0817 - Arpa 38<br \/><i>Arpa<\/i>, [1993-1994]<br \/> <\/td><td align=left><a href=https:\/\/www.athema.it\/arcope\/benedini\/scheda_catalogo.php?OPE_CODI=0388 target=_blank><img src=https:\/\/www.athema.it\/arcope\/benedini\/images\/0388.JPG style=height:200px; \/><\/a><br \/>AGB 0388 - Arpa 29<br \/><i>Arpa di Persefone<\/i>, 1995<br \/> Polimaterica<\/td><\/tr><tr><td colspan=3><br \/><\/td><\/tr><tr><td align=left><a href=https:\/\/www.athema.it\/arcope\/benedini\/scheda_catalogo.php?OPE_CODI=0092 target=_blank><img src=https:\/\/www.athema.it\/arcope\/benedini\/images\/0092.JPG style=height:200px; \/><\/a><br \/>AGB 0092 - Arpa 17<br \/><i>Arpa del pittore<\/i>, 1995<br \/> Polimaterica, 250 x 120 x 30<\/td><td align=left><a href=https:\/\/www.athema.it\/arcope\/benedini\/scheda_catalogo.php?OPE_CODI=0130 target=_blank><img src=https:\/\/www.athema.it\/arcope\/benedini\/images\/0130.JPG style=height:200px; \/><\/a><br \/>AGB 0130 - Arpa 19<br \/><i>Arpa<\/i>, 1997-1998<br \/> Polimaterica, 140 x 50 x 15 circa<\/td><td align=left><a href=https:\/\/www.athema.it\/arcope\/benedini\/scheda_catalogo.php?OPE_CODI=0288 target=_blank><img src=https:\/\/www.athema.it\/arcope\/benedini\/images\/0288.JPG style=height:200px; \/><\/a><br \/>AGB 0288 - Arpa 25<br \/><i>Arpa<\/i>, 1998<br \/> Polimaterica, 330 x 95 x 40<\/td><\/tr><tr><td colspan=3><br \/><\/td><\/tr><tr><td align=left><a href=https:\/\/www.athema.it\/arcope\/benedini\/scheda_catalogo.php?OPE_CODI=0146 target=_blank><img src=https:\/\/www.athema.it\/arcope\/benedini\/images\/0146.JPG style=height:200px; \/><\/a><br \/>AGB 0146 - Arpa 24<br \/><i>Arpa marina<\/i>, 1998<br \/> Polimaterica, 240 x 125 x 90<\/td><td align=left><a href=https:\/\/www.athema.it\/arcope\/benedini\/scheda_catalogo.php?OPE_CODI=0136 target=_blank><img src=https:\/\/www.athema.it\/arcope\/benedini\/images\/0136.JPG style=height:200px; \/><\/a><br \/>AGB 0136 - Arpa 22<br \/><i>Arpa di Ermes<\/i>, 1999<br \/> Polimaterica, 30 x 60 x 10<\/td><td align=left><a href=https:\/\/www.athema.it\/arcope\/benedini\/scheda_catalogo.php?OPE_CODI=0118 target=_blank><img src=https:\/\/www.athema.it\/arcope\/benedini\/images\/0118.JPG style=height:200px; \/><\/a><br \/>AGB 0118 - Arpa 18<br \/><i>Arpa sospesa<\/i>, 1999<br \/> Polimaterica, 310 x 250 x 120 circa<\/td><\/tr><tr><td colspan=3><br \/><\/td><\/tr><tr><td align=left><a href=https:\/\/www.athema.it\/arcope\/benedini\/scheda_catalogo.php?OPE_CODI=0290 target=_blank><img src=https:\/\/www.athema.it\/arcope\/benedini\/images\/0290.JPG style=height:200px; \/><\/a><br \/>AGB 0290 - Arpa 26<br \/><i>Arpa marina<\/i>, 2000<br \/> Polimaterica, 210 x 35 x 70<\/td><td align=left><a href=https:\/\/www.athema.it\/arcope\/benedini\/scheda_catalogo.php?OPE_CODI=0314 target=_blank><img src=https:\/\/www.athema.it\/arcope\/benedini\/images\/0314.JPG style=height:200px; \/><\/a><br \/>AGB 0314 - Arpa 28<br \/><i>Arpa azzurra<\/i>, 2000<br \/> Polimaterica, 180 x 155<\/td><td align=left><a href=https:\/\/www.athema.it\/arcope\/benedini\/scheda_catalogo.php?OPE_CODI=0083 target=_blank><img src=https:\/\/www.athema.it\/arcope\/benedini\/images\/0083.JPG style=height:200px; \/><\/a><br \/>AGB 0083 - Arpa 14<br \/><i>Arpa marina<\/i>, 2001<br \/> Polimaterica su vetroresina, 190 x 90 circa<\/td><\/tr><tr><td colspan=3><br \/><\/td><\/tr><tr><td align=left><a href=https:\/\/www.athema.it\/arcope\/benedini\/scheda_catalogo.php?OPE_CODI=0145 target=_blank><img src=https:\/\/www.athema.it\/arcope\/benedini\/images\/0145.JPG style=height:200px; \/><\/a><br \/>AGB 0145 - Arpa 23<br \/><i>Arpa solare<\/i>, 2002<br \/> Polimaterica su vetroresina, 75 x 160 x 85<\/td><td align=left><a href=https:\/\/www.athema.it\/arcope\/benedini\/scheda_catalogo.php?OPE_CODI=0293 target=_blank><img src=https:\/\/www.athema.it\/arcope\/benedini\/images\/0293.JPG style=height:200px; \/><\/a><br \/>AGB 0293 - Arpa 27<br \/><i>Arpa bruciata<\/i>, 2002<br \/>  su legno, 85 x 70 x 21<\/td><td align=left><a href=https:\/\/www.athema.it\/arcope\/benedini\/scheda_catalogo.php?OPE_CODI=0526 target=_blank><img src=https:\/\/www.athema.it\/arcope\/benedini\/images\/0526.JPG style=height:200px; \/><\/a><br \/>AGB 0526 - Arpa 34<br \/><i>Arpa per acqua<\/i>, 2002<br \/> Polimaterica, 78 x 68<\/td><\/tr><tr><td colspan=3><br \/><\/td><\/tr><tr><td align=left><a href=https:\/\/www.athema.it\/arcope\/benedini\/scheda_catalogo.php?OPE_CODI=0135 target=_blank><img src=https:\/\/www.athema.it\/arcope\/benedini\/images\/0135.JPG style=height:200px; \/><\/a><br \/>AGB 0135 - Arpa 21<br \/><i>Arpa marina<\/i>, 2002-2007<br \/> Polimaterica su legno, 80 x 80<\/td><td align=left><a href=https:\/\/www.athema.it\/arcope\/benedini\/scheda_catalogo.php?OPE_CODI=1217 target=_blank><img src=https:\/\/www.athema.it\/arcope\/benedini\/images\/1217.JPG style=height:200px; \/><\/a><br \/>AGB 1217 - Arpa 39<br \/><i>Arpa ferita<\/i>, 2005<br \/> Polimaterica, 47 x 19 x 6<\/td><td align=left><a href=https:\/\/www.athema.it\/arcope\/benedini\/scheda_catalogo.php?OPE_CODI=0067 target=_blank><img src=https:\/\/www.athema.it\/arcope\/benedini\/images\/0067.JPG style=height:200px; \/><\/a><br \/>AGB 0067 - Arpa 11<br \/><i>Arpa ferita<\/i>, 2005<br \/> Polimaterica, 43 x 30<\/td><\/tr><tr><td colspan=3><br \/><\/td><\/tr><tr><td align=left><a href=https:\/\/www.athema.it\/arcope\/benedini\/scheda_catalogo.php?OPE_CODI=0048 target=_blank><img src=https:\/\/www.athema.it\/arcope\/benedini\/images\/0048.JPG style=height:200px; \/><\/a><br \/>AGB 0048 - Arpa 1<br \/><i>Arpa di Ninive<\/i>, 2005<br \/> Polimaterica su vetroresina, 220 x 65 x 88 circa<\/td><td align=left><a href=https:\/\/www.athema.it\/arcope\/benedini\/scheda_catalogo.php?OPE_CODI=0049 target=_blank><img src=https:\/\/www.athema.it\/arcope\/benedini\/images\/0049.JPG style=height:200px; \/><\/a><br \/>AGB 0049 - Arpa 2<br \/><i>Arpa di Ninive<\/i>, 2005<br \/> Polimaterica su vetroresina, 225 x 80 x 40 circa<\/td><td align=left><a href=https:\/\/www.athema.it\/arcope\/benedini\/scheda_catalogo.php?OPE_CODI=0059 target=_blank><img src=https:\/\/www.athema.it\/arcope\/benedini\/images\/0059.JPG style=height:200px; \/><\/a><br \/>AGB 0059 - Arpa 3<br \/><i>Arpa ferita<\/i>, 2005<br \/> Polimaterica, 65 x 26<\/td><\/tr><tr><td colspan=3><br \/><\/td><\/tr><tr><td align=left><a href=https:\/\/www.athema.it\/arcope\/benedini\/scheda_catalogo.php?OPE_CODI=0060 target=_blank><img src=https:\/\/www.athema.it\/arcope\/benedini\/images\/0060.JPG style=height:200px; \/><\/a><br \/>AGB 0060 - Arpa 4<br \/><i>Arpa ferita<\/i>, 2005<br \/> Polimaterica, 70 x 20<\/td><td align=left><a href=https:\/\/www.athema.it\/arcope\/benedini\/scheda_catalogo.php?OPE_CODI=0061 target=_blank><img src=https:\/\/www.athema.it\/arcope\/benedini\/images\/0061.JPG style=height:200px; \/><\/a><br \/>AGB 0061 - Arpa 5<br \/><i>Arpa ferita<\/i>, 2005<br \/> Polimaterica, 80 x 20<\/td><td align=left><a href=https:\/\/www.athema.it\/arcope\/benedini\/scheda_catalogo.php?OPE_CODI=0066 target=_blank><img src=https:\/\/www.athema.it\/arcope\/benedini\/images\/0066.JPG style=height:200px; \/><\/a><br \/>AGB 0066 - Arpa 10<br \/><i>Arpa ferita<\/i>, 2005<br \/> Polimaterica, 52 x 32<\/td><\/tr><tr><td colspan=3><br \/><\/td><\/tr><tr><td align=left><a href=https:\/\/www.athema.it\/arcope\/benedini\/scheda_catalogo.php?OPE_CODI=0068 target=_blank><img src=https:\/\/www.athema.it\/arcope\/benedini\/images\/0068.JPG style=height:200px; \/><\/a><br \/>AGB 0068 - Arpa 12<br \/><i>Arpa ferita<\/i>, 2005<br \/> Polimaterica, 50 x 34<\/td><td align=left><a href=https:\/\/www.athema.it\/arcope\/benedini\/scheda_catalogo.php?OPE_CODI=0065 target=_blank><img src=https:\/\/www.athema.it\/arcope\/benedini\/images\/0065.JPG style=height:200px; \/><\/a><br \/>AGB 0065 - Arpa 9<br \/><i>Arpa ferita<\/i>, 2005<br \/> Polimaterica, 73 x 26<\/td><td align=left><a href=https:\/\/www.athema.it\/arcope\/benedini\/scheda_catalogo.php?OPE_CODI=0064 target=_blank><img src=https:\/\/www.athema.it\/arcope\/benedini\/images\/0064.JPG style=height:200px; \/><\/a><br \/>AGB 0064 - Arpa 8<br \/><i>Arpa ferita<\/i>, 2005<br \/> Polimaterica, 65 x 30<\/td><\/tr><tr><td colspan=3><br \/><\/td><\/tr><tr><td align=left><a href=https:\/\/www.athema.it\/arcope\/benedini\/scheda_catalogo.php?OPE_CODI=0063 target=_blank><img src=https:\/\/www.athema.it\/arcope\/benedini\/images\/0063.JPG style=height:200px; \/><\/a><br \/>AGB 0063 - Arpa 7<br \/><i>Arpa ferita<\/i>, 2005-2019<br \/> Polimaterica, 61 x 23<\/td><td align=left><a href=https:\/\/www.athema.it\/arcope\/benedini\/scheda_catalogo.php?OPE_CODI=0062 target=_blank><img src=https:\/\/www.athema.it\/arcope\/benedini\/images\/0062.JPG style=height:200px; \/><\/a><br \/>AGB 0062 - Arpa 6<br \/><i>Arpa ferita<\/i>, 2000<br \/> Polimaterica, 63 x 15<\/td><td align=left><a href=https:\/\/www.athema.it\/arcope\/benedini\/scheda_catalogo.php?OPE_CODI=0865 target=_blank><img src=https:\/\/www.athema.it\/arcope\/benedini\/images\/0865.JPG style=height:200px; \/><\/a><br \/>AGB 0865 - Arpa 38 bis \/ Op bid M 450<br \/><i>Arpa<\/i>, 2007<br \/> Mista su tavola, 45 x 38<\/td><\/tr><tr><td colspan=3><br \/><\/td><\/tr><tr><td align=left><a href=https:\/\/www.athema.it\/arcope\/benedini\/scheda_catalogo.php?OPE_CODI=0468 target=_blank><img src=https:\/\/www.athema.it\/arcope\/benedini\/images\/0468.JPG style=height:200px; \/><\/a><br \/>AGB 0468 - Arpa 32<br \/><i>Arpa marina  (a sinistra)<\/i>, 2008<br \/> Vetroresina e ferro, 220 x 200 x 70<\/td><td align=left><a href=https:\/\/www.athema.it\/arcope\/benedini\/scheda_catalogo.php?OPE_CODI=0469 target=_blank><img src=https:\/\/www.athema.it\/arcope\/benedini\/images\/0469.JPG style=height:200px; \/><\/a><br \/>AGB 0469 - Arpa 33<br \/><i>Arpa marina  (a destra)<\/i>, 2008<br \/> Vetroresina e ferro, 220 x 200 x 70<\/td><td align=left><a href=https:\/\/www.athema.it\/arcope\/benedini\/scheda_catalogo.php?OPE_CODI=0673 target=_blank><img src=https:\/\/www.athema.it\/arcope\/benedini\/images\/0673.JPG style=height:200px; \/><\/a><br \/>AGB 0673 - Arpa 36<br \/><i>Arpa marina<\/i>, 2008-2009<br \/> Polimaterica su vetroresina, 220 x 200 x 70<\/td><\/tr><tr><td colspan=3><br \/><\/td><\/tr><tr><td align=left><a href=https:\/\/www.athema.it\/arcope\/benedini\/scheda_catalogo.php?OPE_CODI=0609 target=_blank><img src=https:\/\/www.athema.it\/arcope\/benedini\/images\/0609.JPG style=height:200px; \/><\/a><br \/>AGB 0609 - Arpa 35<br \/><i>Arpa<\/i>, 2009-2012<br \/> Vetroresina, ferro e piombo, 110 x 68 x 60  circa<\/td><td align=left><a href=https:\/\/www.athema.it\/arcope\/benedini\/scheda_catalogo.php?OPE_CODI=1602 target=_blank><img src=https:\/\/www.athema.it\/arcope\/benedini\/images\/1602.JPG style=height:200px; \/><\/a><br \/>AGB 1602 - Arpa 40<br \/><i>Arpa di Ninive<\/i>, 2009-2017<br \/> Vetroresina e ferro, 174 x  68 x 70 circa<\/td><td align=left><a href=https:\/\/www.athema.it\/arcope\/benedini\/scheda_catalogo.php?OPE_CODI=1915 target=_blank><img src=https:\/\/www.athema.it\/arcope\/benedini\/images\/1915.JPG style=height:200px; \/><\/a><br \/>AGB 1915 - Arpa 42<br \/><i>Arpa<\/i>, 2009-2012<br \/> Vetroresina e ferro, 167 x 68 x 70 circa<\/td><\/tr><tr><td colspan=3><br \/><\/td><\/tr><tr><td align=left><a href=https:\/\/www.athema.it\/arcope\/benedini\/scheda_catalogo.php?OPE_CODI=1916 target=_blank><img src=https:\/\/www.athema.it\/arcope\/benedini\/images\/1916.JPG style=height:200px; \/><\/a><br \/>AGB 1916 - Arpa 43<br \/><i>Arpa<\/i>, 2009-2012<br \/> Vetroresina e ferro, 203 x 68 x 70 circa<\/td><td align=left><a href=https:\/\/www.athema.it\/arcope\/benedini\/scheda_catalogo.php?OPE_CODI=1603 target=_blank><img src=https:\/\/www.athema.it\/arcope\/benedini\/images\/1603.JPG style=height:200px; \/><\/a><br \/>AGB 1603 - Arpa 41<br \/><i>Arpa di Ninive<\/i>, 2012<br \/> Vetroresina, ferro e piombo, 162 x  68 x 70 circa<\/td><td align=left><a href=https:\/\/www.athema.it\/arcope\/benedini\/scheda_catalogo.php?OPE_CODI=1917 target=_blank><img src=https:\/\/www.athema.it\/arcope\/benedini\/images\/1917.JPG style=height:200px; \/><\/a><br \/>AGB 1917 - Arpa 44<br \/><i>Arpa<\/i>, 2012<br \/> Vetroresina, ferro e piombo, 172 x  68 x 70 circa<\/td><\/tr><tr><td colspan=3><br \/><\/td><\/tr><tr><td align=left><a href=https:\/\/www.athema.it\/arcope\/benedini\/scheda_catalogo.php?OPE_CODI=1918 target=_blank><img src=https:\/\/www.athema.it\/arcope\/benedini\/images\/1918.JPG style=height:200px; \/><\/a><br \/>AGB 1918 - Arpa 45<br \/><i>Arpa<\/i>, 2012<br \/> Vetroresina, ferro e piombo, 172 x 68 x 70 circa<\/td><\/table>\n\n","protected":false},"excerpt":{"rendered":"<p>Arpe \u00ab[&#8230;] nel mio lavoro non c&#8217;\u00e8 solo la geometria, c&#8217;\u00e8 anche la fuga incommensurabile del suono, attraverso quelle sculture che chiamo arpe. [&#8230;] Il filo delle arpe \u00e8 la congiunzione tra un arco e un corpo, che avviene attraverso un filo, che \u00e8 una specie di estensione dell&#8217;arco: mi \u00e8 venuto spontaneo pensare che esso fosse anche un&#8217;estensione di suono, che avesse una possibilit\u00e0 di propagazione molto pi\u00f9 vasta, quasi infinita\u00bb cos\u00ec Gabriella Benedini &#8220;racconta&#8221; le sue arpe, sculture tridimensionali di grandi dimensioni, ma anche pi\u00f9 piccole, da appendere, originali sculture pensili. In tutto ne ha create quarantacinque, undici delle quali sono le sculture pensili intitolate Arpe ferite. Completa&hellip; <a class=\"read-more\" href=\"https:\/\/www.athema.it\/catalogo_benedini\/arpe\/\">Read More<\/a><\/p>\n","protected":false},"author":1,"featured_media":0,"parent":0,"menu_order":0,"comment_status":"closed","ping_status":"closed","template":"","meta":{"footnotes":""},"class_list":["post-974","page","type-page","status-publish","hentry"],"_links":{"self":[{"href":"https:\/\/www.athema.it\/catalogo_benedini\/wp-json\/wp\/v2\/pages\/974","targetHints":{"allow":["GET"]}}],"collection":[{"href":"https:\/\/www.athema.it\/catalogo_benedini\/wp-json\/wp\/v2\/pages"}],"about":[{"href":"https:\/\/www.athema.it\/catalogo_benedini\/wp-json\/wp\/v2\/types\/page"}],"author":[{"embeddable":true,"href":"https:\/\/www.athema.it\/catalogo_benedini\/wp-json\/wp\/v2\/users\/1"}],"replies":[{"embeddable":true,"href":"https:\/\/www.athema.it\/catalogo_benedini\/wp-json\/wp\/v2\/comments?post=974"}],"version-history":[{"count":13,"href":"https:\/\/www.athema.it\/catalogo_benedini\/wp-json\/wp\/v2\/pages\/974\/revisions"}],"predecessor-version":[{"id":2268,"href":"https:\/\/www.athema.it\/catalogo_benedini\/wp-json\/wp\/v2\/pages\/974\/revisions\/2268"}],"wp:attachment":[{"href":"https:\/\/www.athema.it\/catalogo_benedini\/wp-json\/wp\/v2\/media?parent=974"}],"curies":[{"name":"wp","href":"https:\/\/api.w.org\/{rel}","templated":true}]}}