{"id":969,"date":"2024-05-28T09:59:53","date_gmt":"2024-05-28T07:59:53","guid":{"rendered":"https:\/\/www.athema.it\/catalogo_benedini\/?page_id=969"},"modified":"2024-11-06T11:18:38","modified_gmt":"2024-11-06T10:18:38","slug":"nota-alla-consultazione","status":"publish","type":"page","link":"https:\/\/www.athema.it\/catalogo_benedini\/nota-alla-consultazione\/","title":{"rendered":"Guida alla consultazione delle schede"},"content":{"rendered":"\n<h2>\n\t\tGuida alla consultazione delle schede\n\t<\/h2>\n\t<p><b>OPERE<\/b><\/p>\n<p>Ogni scheda \u00e8 introdotta dal numero progressivo di archiviazione affiancato dal codice alfanumerico di inventario, che ne identifica l&#8217;appartenenza alle diverse sezioni.<\/p>\n<p><b>Titolo<\/b><\/p>\n<p>E&#8217; indicato quando \u00e8 attribuito dall&#8217;artista, precisandone ove possibile la collocazione, o compare su cataloghi e \/ o volumi.<\/p>\n<p><b>Datazione<\/b><\/p>\nSono riportate le date indicate sulle opere, sul fronte e\/o sul retro, precisandone la collocazione e la modalit\u00e0 di scrittura.<br \/>\nLa presenza di pi\u00f9 riferimenti cronologici rimanda ai successivi interventi da parte dell&#8217;artista.<br \/>\nSono riportate tra parentesi tonde le date che si desumono da precisi riferimenti quali dediche, presenza in esposizioni e\/o in volumi<br \/>\nPer opere la cui ubicazione a oggi \u00e8 ignota e di cui, quindi, non \u00e8 stato possibile verificare i dati, sono riportate senza\u00a0 parentesi le date che compaiono su pubblicazioni o su fotografie e appunti conservati dall&#8217;artista.<br \/>\nInfine sono riportate tra parentesi quadre le datazioni attribuite in base a elementi stilistici e di similitudine rispetto ad altri lavori analoghi e datati.\n<p><b>Tecnica e supporto<\/b><\/p>\n<p>E&#8217; riportata la tecnica realizzativa con il relativo supporto. Le tecniche tradizionali, presenti soprattutto nelle opere dei primi anni, diventano prevalentemente &#8220;polimaterica&#8221;, riferendosi all&#8217;utilizzo di materiali e oggetti\/elementi, spesso anche di recupero, inseriti e assemblati nelle opere, affiancati molto spesso a segni pittorici.\u00a0<\/p>\n<p><b>Misure<\/b><\/p>\n<p>Le misure sono espresse in centimetri, salvo ove diversamente indicato, e l&#8217;altezza precede la base.<\/p>\n<p><b>Scritte<\/b><\/p>\n<p>E&#8217; indicata la collocazione di firma, data e titolo sia sul fronte sia sul retro dell&#8217;opera; nonch\u00e9 eventuali numerazioni inserite dall&#8217;artista.<\/p>\n<p><b>Note<\/b><\/p>\n<p>Contengono le pi\u00f9 svariate informazioni e precisazioni relative all&#8217;opera in oggetto e alla sua storia.<\/p>\n<p><b>Collocazione<\/b><\/p>\n<p>E&#8217; indicata la collocazione in Collezioni pubbliche o private, riportando la dicitura richiesta dai proprietari.\u00a0 Per le opere di cui non si conosce l&#8217;attuale collocazione \u00e8 riportato Ubicazione ignota.<\/p>\n<p><b>Corredo iconografico<\/b><\/p>\nOgni opera \u00e8 corredata da una o pi\u00f9 immagini, cos\u00ec che sia possibile identificarla, anche se talvolta di\u00a0 qualit\u00e0 scadente. In molte schede sono riportate pi\u00f9 immagini che permettono di ricostruire le fasi succesive, talvolta anche a distanza di anni, degli interventi operati dall&#8217;artista. In questo caso le immagini sono accompagnate, oltre che dal codice di identificazione, anche da una datazione, che precisa quando la modifica \u00e8 stata realizzata.<br \/>\nDove noti per ogni immagine sono inseriti i crediti fotografici.\n<p><b>ESPOSIZIONI<\/b><\/p>\nLa sezione \u00e8 suddivisa in Esposizioni personali, Esposizioni collettive e Premi.<br \/>\nSi \u00e8 scelto di inserire anche quelle indicazioni per le quali non \u00e8 stato\u00a0 possibile recuperare un riscontro documentario, ma risultano citate in alcuni cataloghi di mostre personali, precisando in nota la fonte da cui l&#8217;informazione proviene.<br \/>\nSono abbinati a ciascuna esposizione oltre all&#8217;eventuale catalogo anche la rassegna stampa relativa, che fa riferimento a Gabriella Benedini.<br \/>\nI documenti cui ci si riferisce sono conservati in originale, fotocopia o in formato digitale presso l&#8217;Archivio Gabriella Benedini.\n<p><b>BIBLIOGRAFIA<\/b><\/p>\nI testi riportati nella presente Bibliografia sono conservati in originale, in fotocopia o in formato digitale presso l&#8217;Archivio Gabriella Benedini.<br \/>\nPoich\u00e9, specie per i primi anni, si sono avuti a disposizione ritagli di giornali conservati dall&#8217;artista, non sempre \u00e8 stato possible risalire alla fonte. In questi casi si \u00e8 indicato per la testata: non identificata. Analogamente ove non \u00e8 presente una data, quando possibile se ne \u00e8 ipotizzata una, desumendola dai riferimenti interni al testo e ponendola tra parentesi tonde.<br \/>\nPoich\u00e9 alcuni cataloghi di mostre riportano l&#8217;indicazione di articoli non conservati dall&#8217;artista e che non \u00e8 stato possibile reperire, si \u00e8 scelto di riportarli comunque, indicando in nota la citazione della fonte da cui sono tratti, sperando di poterli reperire in futuro.\n\n","protected":false},"excerpt":{"rendered":"<p>Guida alla consultazione delle schede OPERE Ogni scheda \u00e8 introdotta dal numero progressivo di archiviazione affiancato dal codice alfanumerico di inventario, che ne identifica l&#8217;appartenenza alle diverse sezioni. Titolo E&#8217; indicato quando \u00e8 attribuito dall&#8217;artista, precisandone ove possibile la collocazione, o compare su cataloghi e \/ o volumi. Datazione Sono riportate le date indicate sulle opere, sul fronte e\/o sul retro, precisandone la collocazione e la modalit\u00e0 di scrittura. La presenza di pi\u00f9 riferimenti cronologici rimanda ai successivi interventi da parte dell&#8217;artista. Sono riportate tra parentesi tonde le date che si desumono da precisi riferimenti quali dediche, presenza in esposizioni e\/o in volumi Per opere la cui ubicazione a oggi&hellip; <a class=\"read-more\" href=\"https:\/\/www.athema.it\/catalogo_benedini\/nota-alla-consultazione\/\">Read More<\/a><\/p>\n","protected":false},"author":1,"featured_media":0,"parent":0,"menu_order":0,"comment_status":"closed","ping_status":"closed","template":"","meta":{"footnotes":""},"class_list":["post-969","page","type-page","status-publish","hentry"],"_links":{"self":[{"href":"https:\/\/www.athema.it\/catalogo_benedini\/wp-json\/wp\/v2\/pages\/969","targetHints":{"allow":["GET"]}}],"collection":[{"href":"https:\/\/www.athema.it\/catalogo_benedini\/wp-json\/wp\/v2\/pages"}],"about":[{"href":"https:\/\/www.athema.it\/catalogo_benedini\/wp-json\/wp\/v2\/types\/page"}],"author":[{"embeddable":true,"href":"https:\/\/www.athema.it\/catalogo_benedini\/wp-json\/wp\/v2\/users\/1"}],"replies":[{"embeddable":true,"href":"https:\/\/www.athema.it\/catalogo_benedini\/wp-json\/wp\/v2\/comments?post=969"}],"version-history":[{"count":16,"href":"https:\/\/www.athema.it\/catalogo_benedini\/wp-json\/wp\/v2\/pages\/969\/revisions"}],"predecessor-version":[{"id":2098,"href":"https:\/\/www.athema.it\/catalogo_benedini\/wp-json\/wp\/v2\/pages\/969\/revisions\/2098"}],"wp:attachment":[{"href":"https:\/\/www.athema.it\/catalogo_benedini\/wp-json\/wp\/v2\/media?parent=969"}],"curies":[{"name":"wp","href":"https:\/\/api.w.org\/{rel}","templated":true}]}}