{"id":821,"date":"2023-11-29T11:10:11","date_gmt":"2023-11-29T10:10:11","guid":{"rendered":"https:\/\/www.athema.it\/catalogo_benedini\/?page_id=821"},"modified":"2024-11-06T13:07:29","modified_gmt":"2024-11-06T12:07:29","slug":"sestanti","status":"publish","type":"page","link":"https:\/\/www.athema.it\/catalogo_benedini\/sestanti\/","title":{"rendered":"SESTANTI"},"content":{"rendered":"\n<h2>\n\t\tSestanti\n\t<\/h2>\n\t<p>\u00abAnche il sestante oltre che ad essere uno strumento di misurazione \u00e8 stato per me un luogo dove inserire un mondo che lo strumento stesso ha il compito di misurare\u00bb\t<a class=\"paoc-popup-click paoc-popup-cust-1642 paoc-popup-button paoc-popup-btn \" href=\"javascript:void(0);\">[1]<\/a>\r\n\u00a0 cos\u00ec dichiara Gabriella Benedini, che alla creazione di questa tipologia di opere, in tutto tredici, si \u00e8 dedicata a partire dal 1991 &#8211; ne ha realizzati fino al 2001 &#8211; , coniugando la sua passione per la misurazione e quella per il viaggio. Sono lavori per lo pi\u00f9 di grandi dimensioni, dalla caratteristica forma triangolare, anche se un paio, invece sono molto pi\u00f9 piccoli: uno (AGB 1639) \u00e8 contenuto in una sorta di cassettina di 30 x 35 centimetri; l&#8217;altro, <i>Piccolo sestante<\/i> (AGB 866) \u00e8 in vetro\t<a class=\"paoc-popup-click paoc-popup-cust-1643 paoc-popup-button paoc-popup-btn \" href=\"javascript:void(0);\">[2]<\/a>\r\n di 27 x 35 centimetri, realizzato da Fiam in 60 esemplari numerati per la Societ\u00e0 milanese Campoverde.<\/p>\n \r\n\r\n<form action=\"#\" method=\"post\">\r\n<table>\r\n\t<tr>\r\n\t\t<td>Codice<\/td><td><input type=\"text\" name=\"ope_codi\" size=\"50\" maxlength=\"50\" style=\"width:150px;\" value=\"\"><\/td>\r\n\t\t<td>Inventario<\/td><td><input type=\"text\" name=\"ope_inv\" size=\"50\" maxlength=\"50\" style=\"width:150px;\" value=\"\"><\/td>\r\n\t<\/tr>\r\n\t<tr>\r\n\t\t<td>Titolo<\/td><td colspan=3><input type=\"text\" name=\"ope_tit\" size=\"350\" maxlength=\"50\" style=\"width:735px;\" value=\"\"><\/td>\r\n\t<\/tr>\r\n\t<tr>\r\n\t\t<td>Tecnica<\/td><td><input type=\"text\" name=\"ope_tec\" size=\"50\" maxlength=\"50\" style=\"width:200px;\" value=\"\"><\/td>\r\n\t\t<td>Supporto<\/td><td><input type=\"text\" name=\"ope_sup\" size=\"50\" maxlength=\"50\" style=\"width:200px;\" value=\"\"><\/td>\r\n\t<\/tr>\r\n\t<tr>\r\n\t\t<td>Dall'anno<\/td><td><input type=\"text\" name=\"dallanno\" size=\"50\" maxlength=\"50\" style=\"width:100px;\" value=\"\"><\/td>\r\n\t\t<td> All'anno<\/td><td><input type=\"text\" name=\"allanno\" size=\"50\" maxlength=\"50\" style=\"width:100px;\" value=\"\"><\/td>\r\n\t<\/tr>\r\n\t\t<tr>\r\n\t\t<td>\r\n\t<label>Ordine di data:<\/label>\r\n\t\t<\/td>\r\n\t\t<td>\r\n   <input type=\"radio\" name=\"ordine\" value=\"asc\" checked> Ascendente \u2193\r\n\t&nbsp;&nbsp;\r\n\t\t\t<input type=\"radio\" name=\"ordine\" value=\"desc\" > Discendente \u2191\r\n\t\t<\/td>\r\n\t\t<\/tr>\r\n\t<\/table>\r\n \r\n\r\n <input type=\"hidden\" name=\"risu\" size=\"6\" maxlength=\"6\" value=\"SELECT * FROM AOANAOPE  WHERE OPE_CODI>'0' AND  OPE_ALERT<>1 AND OPE_INV LIKE 'sest%' ORDER BY OPE_DATA ASC\"><br>\r\n <input type=\"submit\" value=\"Cerca\">\r\n <\/form>\r\n<br \/><table width=100% bgcolor=#FFFFFF border=1 cellspacing=1 cellpadding=1 bordercolorlight=#000000 bordercolordark=#000000><tr><td align=left><a href=https:\/\/www.athema.it\/arcope\/benedini\/scheda_catalogo.php?OPE_CODI=0149 target=_blank><img src=https:\/\/www.athema.it\/arcope\/benedini\/images\/0149.JPG style=height:200px; \/><\/a><br \/>AGB 0149 - Sest 6<br \/><i>Sestante n. 2<\/i>, 1991<br \/> Polimaterica, 83 x 160<\/td><td align=left><a href=https:\/\/www.athema.it\/arcope\/benedini\/scheda_catalogo.php?OPE_CODI=0170 target=_blank><img src=https:\/\/www.athema.it\/arcope\/benedini\/images\/0170.JPG style=height:200px; \/><\/a><br \/>AGB 0170 - Sest 7<br \/><i>Sestante n. 1<\/i>, 1991<br \/> Polimaterica su legno, 95 x 120<\/td><td align=left><a href=https:\/\/www.athema.it\/arcope\/benedini\/scheda_catalogo.php?OPE_CODI=0033 target=_blank><img src=https:\/\/www.athema.it\/arcope\/benedini\/images\/0033.JPG style=height:200px; \/><\/a><br \/>AGB 0033 - Sest 3<br \/><i>Sestante n. 3<\/i>, 1992<br \/> Polimaterica su legno, 195 x 145<\/td><\/tr><tr><td colspan=3><br \/><\/td><\/tr><tr><td align=left><a href=https:\/\/www.athema.it\/arcope\/benedini\/scheda_catalogo.php?OPE_CODI=0081 target=_blank><img src=https:\/\/www.athema.it\/arcope\/benedini\/images\/0081.JPG style=height:200px; \/><\/a><br \/>AGB 0081 - Sest 5<br \/><i>Sestante n. 6<\/i>, 1992<br \/> Polimaterica su legno, 103 x 136<\/td><td align=left><a href=https:\/\/www.athema.it\/arcope\/benedini\/scheda_catalogo.php?OPE_CODI=0394 target=_blank><img src=https:\/\/www.athema.it\/arcope\/benedini\/images\/0394.JPG style=height:200px; \/><\/a><br \/>AGB 0394 - Sest 8<br \/><i>Sestante <\/i>, 1992<br \/> Polimaterica su legno, 145 x 195<\/td><td align=left><a href=https:\/\/www.athema.it\/arcope\/benedini\/scheda_catalogo.php?OPE_CODI=0408 target=_blank><img src=https:\/\/www.athema.it\/arcope\/benedini\/images\/0408.JPG style=height:200px; \/><\/a><br \/>AGB 0408 - Sest 9<br \/><i>Sestante n. 7<\/i>, 1992<br \/> Polimaterica su legno, 108 x 135<\/td><\/tr><tr><td colspan=3><br \/><\/td><\/tr><tr><td align=left><a href=https:\/\/www.athema.it\/arcope\/benedini\/scheda_catalogo.php?OPE_CODI=0019 target=_blank><img src=https:\/\/www.athema.it\/arcope\/benedini\/images\/0019.JPG style=height:200px; \/><\/a><br \/>AGB 0019 - Sest 1<br \/><i>Sestante n. 8<\/i>, 1993<br \/> Polimaterica su legno, 147 x 196<\/td><td align=left><a href=https:\/\/www.athema.it\/arcope\/benedini\/scheda_catalogo.php?OPE_CODI=0020 target=_blank><img src=https:\/\/www.athema.it\/arcope\/benedini\/images\/0020.JPG style=height:200px; \/><\/a><br \/>AGB 0020 - Sest 2<br \/><i>Sestante n. 9<\/i>, 1993<br \/> Polimaterica su legno, 180 x 200<\/td><td align=left><a href=https:\/\/www.athema.it\/arcope\/benedini\/scheda_catalogo.php?OPE_CODI=0078 target=_blank><img src=https:\/\/www.athema.it\/arcope\/benedini\/images\/0078.JPG style=height:200px; \/><\/a><br \/>AGB 0078 - Sest 4<br \/><i>Sestante<\/i>, 1995<br \/> Polimaterica su legno, 135 x 135<\/td><\/tr><tr><td colspan=3><br \/><\/td><\/tr><tr><td align=left><a href=https:\/\/www.athema.it\/arcope\/benedini\/scheda_catalogo.php?OPE_CODI=0417 target=_blank><img src=https:\/\/www.athema.it\/arcope\/benedini\/images\/0417.JPG style=height:200px; \/><\/a><br \/>AGB 0417 - Sest 10<br \/><i>Sestante<\/i>, 1998<br \/> Polimaterica su legno, 180 x 200<\/td><td align=left><a href=https:\/\/www.athema.it\/arcope\/benedini\/scheda_catalogo.php?OPE_CODI=0866 target=_blank><img src=https:\/\/www.athema.it\/arcope\/benedini\/images\/0866.JPG style=height:200px; \/><\/a><br \/>AGB 0866 - Sest 12<br \/><i>Piccolo  sestante<\/i>, 1998<br \/> Smalti su vetro, 27,5 x 35<\/td><td align=left><a href=https:\/\/www.athema.it\/arcope\/benedini\/scheda_catalogo.php?OPE_CODI=1639 target=_blank><img src=https:\/\/www.athema.it\/arcope\/benedini\/images\/1639.JPG style=height:200px; \/><\/a><br \/>AGB 1639 - Sest 13<br \/><i>Piccolo sestante<\/i>, 2001<br \/> Polimaterica su legno<\/td><\/tr><tr><td colspan=3><br \/><\/td><\/tr><tr><td align=left><a href=https:\/\/www.athema.it\/arcope\/benedini\/scheda_catalogo.php?OPE_CODI=0674 target=_blank><img src=https:\/\/www.athema.it\/arcope\/benedini\/images\/0674.JPG style=height:200px; \/><\/a><br \/>AGB 0674 - Sest 11<br \/><i>Sestante n. 4<\/i>, 1992-2009<br \/> Polimaterica su legno, 100 x 110<\/td><\/table>\n\n","protected":false},"excerpt":{"rendered":"<p>Sestanti \u00abAnche il sestante oltre che ad essere uno strumento di misurazione \u00e8 stato per me un luogo dove inserire un mondo che lo strumento stesso ha il compito di misurare\u00bb\u00a0 cos\u00ec dichiara Gabriella Benedini, che alla creazione di questa tipologia di opere, in tutto tredici, si \u00e8 dedicata a partire dal 1991 &#8211; ne ha realizzati fino al 2001 &#8211; , coniugando la sua passione per la misurazione e quella per il viaggio. Sono lavori per lo pi\u00f9 di grandi dimensioni, dalla caratteristica forma triangolare, anche se un paio, invece sono molto pi\u00f9 piccoli: uno (AGB 1639) \u00e8 contenuto in una sorta di cassettina di 30 x 35 centimetri;&hellip; <a class=\"read-more\" href=\"https:\/\/www.athema.it\/catalogo_benedini\/sestanti\/\">Read More<\/a><\/p>\n","protected":false},"author":1,"featured_media":0,"parent":0,"menu_order":0,"comment_status":"closed","ping_status":"closed","template":"","meta":{"footnotes":""},"class_list":["post-821","page","type-page","status-publish","hentry"],"_links":{"self":[{"href":"https:\/\/www.athema.it\/catalogo_benedini\/wp-json\/wp\/v2\/pages\/821","targetHints":{"allow":["GET"]}}],"collection":[{"href":"https:\/\/www.athema.it\/catalogo_benedini\/wp-json\/wp\/v2\/pages"}],"about":[{"href":"https:\/\/www.athema.it\/catalogo_benedini\/wp-json\/wp\/v2\/types\/page"}],"author":[{"embeddable":true,"href":"https:\/\/www.athema.it\/catalogo_benedini\/wp-json\/wp\/v2\/users\/1"}],"replies":[{"embeddable":true,"href":"https:\/\/www.athema.it\/catalogo_benedini\/wp-json\/wp\/v2\/comments?post=821"}],"version-history":[{"count":8,"href":"https:\/\/www.athema.it\/catalogo_benedini\/wp-json\/wp\/v2\/pages\/821\/revisions"}],"predecessor-version":[{"id":2129,"href":"https:\/\/www.athema.it\/catalogo_benedini\/wp-json\/wp\/v2\/pages\/821\/revisions\/2129"}],"wp:attachment":[{"href":"https:\/\/www.athema.it\/catalogo_benedini\/wp-json\/wp\/v2\/media?parent=821"}],"curies":[{"name":"wp","href":"https:\/\/api.w.org\/{rel}","templated":true}]}}