{"id":797,"date":"2023-11-29T10:25:47","date_gmt":"2023-11-29T09:25:47","guid":{"rendered":"https:\/\/www.athema.it\/catalogo_benedini\/?page_id=797"},"modified":"2024-11-06T12:45:47","modified_gmt":"2024-11-06T11:45:47","slug":"pendoli-del-tempo","status":"publish","type":"page","link":"https:\/\/www.athema.it\/catalogo_benedini\/pendoli-del-tempo\/","title":{"rendered":"PENDOLI DEL TEMPO"},"content":{"rendered":"\n<h2>\n\t\tPendoli del tempo\n\t<\/h2>\n\t<p>Dalla met\u00e0 del decennio Ottanta Gabriella Benedini inizia a elaborare i <i>Pendoli del tempo<\/i>, una creazione dal caratteristico formato allungato (60\/70 x 20), che si pone in una dimensione intermedia tra l&#8217;opera pittorica e quella scultorea. La prima presenza a un&#8217;esposizione risulta essere a Bruxelles alla Galleria di Sonia Berryer\t<a class=\"paoc-popup-click paoc-popup-cust-1629 paoc-popup-button paoc-popup-btn \" href=\"javascript:void(0);\">[1]<\/a>\r\n, dove \u00e8 esposto un Pendolo del 1990 (AGB 0733).\u00a0<\/p>\n<p>E&#8217; evidente anche in questo caso la ricerca condotta all&#8217;interno della serialit\u00e0, cos\u00ec da sondare, proprio grazie alla reiterazione, tutte le possibilit\u00e0 che questa riflessione sul tempo pu\u00f2 offrire: elabora, infatti, nell&#8217;arco di circa venticinque anni, fino al 2004, sessantatr\u00e9 esemplari e, come per altre tipologie, \u00e8 possibile cogliere delle costanti cromatiche che identificano la tavolozza dell&#8217;artista: i bruni, i bianchi, i blu.\u00a0<\/p>\n<p>Con il medesimo titolo sono indicate anche opere dal formato differente, quindici in tutto, &#8211; in realt\u00e0 delle Sculture pensili, sezione cui si rinvia -, ma che tradiscono il reiterarsi della riflessione sulla categoria del tempo e in alcuni casi accanto a questo titolo ne \u00e8 riportato un altro, <i>Rimescolare il tempo<\/i>, che rimanda a un altro aspetto della ricerca, caratterizzato dalla presenza di un mestolo.\u00a0<\/p>\n \r\n\r\n<form action=\"#\" method=\"post\">\r\n<table>\r\n\t<tr>\r\n\t\t<td>Codice<\/td><td><input type=\"text\" name=\"ope_codi\" size=\"50\" maxlength=\"50\" style=\"width:150px;\" value=\"\"><\/td>\r\n\t\t<td>Inventario<\/td><td><input type=\"text\" name=\"ope_inv\" size=\"50\" maxlength=\"50\" style=\"width:150px;\" value=\"\"><\/td>\r\n\t<\/tr>\r\n\t<tr>\r\n\t\t<td>Titolo<\/td><td colspan=3><input type=\"text\" name=\"ope_tit\" size=\"350\" maxlength=\"50\" style=\"width:735px;\" value=\"\"><\/td>\r\n\t<\/tr>\r\n\t<tr>\r\n\t\t<td>Tecnica<\/td><td><input type=\"text\" name=\"ope_tec\" size=\"50\" maxlength=\"50\" style=\"width:200px;\" value=\"\"><\/td>\r\n\t\t<td>Supporto<\/td><td><input type=\"text\" name=\"ope_sup\" size=\"50\" maxlength=\"50\" style=\"width:200px;\" value=\"\"><\/td>\r\n\t<\/tr>\r\n\t<tr>\r\n\t\t<td>Dall'anno<\/td><td><input type=\"text\" name=\"dallanno\" size=\"50\" maxlength=\"50\" style=\"width:100px;\" value=\"\"><\/td>\r\n\t\t<td> All'anno<\/td><td><input type=\"text\" name=\"allanno\" size=\"50\" maxlength=\"50\" style=\"width:100px;\" value=\"\"><\/td>\r\n\t<\/tr>\r\n\t\t<tr>\r\n\t\t<td>\r\n\t<label>Ordine di data:<\/label>\r\n\t\t<\/td>\r\n\t\t<td>\r\n   <input type=\"radio\" name=\"ordine\" value=\"asc\" checked> Ascendente \u2193\r\n\t&nbsp;&nbsp;\r\n\t\t\t<input type=\"radio\" name=\"ordine\" value=\"desc\" > Discendente \u2191\r\n\t\t<\/td>\r\n\t\t<\/tr>\r\n\t<\/table>\r\n \r\n\r\n <input type=\"hidden\" name=\"risu\" size=\"6\" maxlength=\"6\" value=\"SELECT * FROM AOANAOPE  WHERE OPE_CODI>'0' AND  OPE_ALERT<>1 AND OPE_INV LIKE 'pend%' ORDER BY OPE_DATA ASC\"><br>\r\n <input type=\"submit\" value=\"Cerca\">\r\n <\/form>\r\n<br \/><table width=100% bgcolor=#FFFFFF border=1 cellspacing=1 cellpadding=1 bordercolorlight=#000000 bordercolordark=#000000><tr><td align=left><a href=https:\/\/www.athema.it\/arcope\/benedini\/scheda_catalogo.php?OPE_CODI=1163 target=_blank><img src=https:\/\/www.athema.it\/arcope\/benedini\/images\/1163.JPG style=height:200px; \/><\/a><br \/>AGB 1163 - Pend 51<br \/><i>Pendolo del tempo<\/i>, 1985<br \/> Polimaterica su legno, 69 x 20,5<\/td><td align=left><a href=https:\/\/www.athema.it\/arcope\/benedini\/scheda_catalogo.php?OPE_CODI=0734 target=_blank><img src=https:\/\/www.athema.it\/arcope\/benedini\/images\/0734.JPG style=height:200px; \/><\/a><br \/>AGB 0734 - Pend 26<br \/><i>Pendolo del tempo<\/i>, 1985<br \/> Polimaterica su legno, 67 x 21<\/td><td align=left><a href=https:\/\/www.athema.it\/arcope\/benedini\/scheda_catalogo.php?OPE_CODI=0941 target=_blank><img src=https:\/\/www.athema.it\/arcope\/benedini\/images\/0941.JPG style=height:200px; \/><\/a><br \/>AGB 0941 - Pend 41<br \/><i>Pendolo del tempo<\/i>, 1985<br \/> Polimaterica su legno, 70 x 20<\/td><\/tr><tr><td colspan=3><br \/><\/td><\/tr><tr><td align=left><a href=https:\/\/www.athema.it\/arcope\/benedini\/scheda_catalogo.php?OPE_CODI=0942 target=_blank><img src=https:\/\/www.athema.it\/arcope\/benedini\/images\/0942.JPG style=height:200px; \/><\/a><br \/>AGB 0942 - Pend 42<br \/><i>Pendolo del tempo<\/i>, 1985<br \/> Polimaterica su legno, 70 x 20<\/td><td align=left><a href=https:\/\/www.athema.it\/arcope\/benedini\/scheda_catalogo.php?OPE_CODI=0944 target=_blank><img src=https:\/\/www.athema.it\/arcope\/benedini\/images\/0944.JPG style=height:200px; \/><\/a><br \/>AGB 0944 - Pend 43<br \/><i>Pendolo del tempo<\/i>, 1985<br \/> Polimaterica su legno, 70 x 20<\/td><td align=left><a href=https:\/\/www.athema.it\/arcope\/benedini\/scheda_catalogo.php?OPE_CODI=0945 target=_blank><img src=https:\/\/www.athema.it\/arcope\/benedini\/images\/0945.JPG style=height:200px; \/><\/a><br \/>AGB 0945 - Pend 44<br \/><i>Pendolo del tempo<\/i>, 1985<br \/> Polimaterica su legno, 70 x 20<\/td><\/tr><tr><td colspan=3><br \/><\/td><\/tr><tr><td align=left><a href=https:\/\/www.athema.it\/arcope\/benedini\/scheda_catalogo.php?OPE_CODI=0946 target=_blank><img src=https:\/\/www.athema.it\/arcope\/benedini\/images\/0946.JPG style=height:200px; \/><\/a><br \/>AGB 0946 - Pend 45<br \/><i>Pendolo del tempo<\/i>, 1985<br \/> Polimaterica su legno, 70 x 20<\/td><td align=left><a href=https:\/\/www.athema.it\/arcope\/benedini\/scheda_catalogo.php?OPE_CODI=1029 target=_blank><img src=https:\/\/www.athema.it\/arcope\/benedini\/images\/1029.JPG style=height:200px; \/><\/a><br \/>AGB 1029 - Pend 47<br \/><i>Pendolo del tempo<\/i>, 1985<br \/> Polimaterica su legno, 69,5 x 20,8<\/td><td align=left><a href=https:\/\/www.athema.it\/arcope\/benedini\/scheda_catalogo.php?OPE_CODI=0736 target=_blank><img src=https:\/\/www.athema.it\/arcope\/benedini\/images\/0736.JPG style=height:200px; \/><\/a><br \/>AGB 0736 - Pend 28<br \/><i>Pendolo del tempo<\/i>, 1985<br \/> Polimaterica su legno, 67 x 21<\/td><\/tr><tr><td colspan=3><br \/><\/td><\/tr><tr><td align=left><a href=https:\/\/www.athema.it\/arcope\/benedini\/scheda_catalogo.php?OPE_CODI=1161 target=_blank><img src=https:\/\/www.athema.it\/arcope\/benedini\/images\/1161.JPG style=height:200px; \/><\/a><br \/>AGB 1161 - Pend 49<br \/><i>Pendolo del tempo<\/i>, 1985<br \/> Polimaterica su legno, 69 x 20,5<\/td><td align=left><a href=https:\/\/www.athema.it\/arcope\/benedini\/scheda_catalogo.php?OPE_CODI=0940 target=_blank><img src=https:\/\/www.athema.it\/arcope\/benedini\/images\/0940.JPG style=height:200px; \/><\/a><br \/>AGB 0940 - Pend 40<br \/><i>Pendolo del tempo<\/i>, 1985<br \/> Polimaterica su legno, 69 x 21<\/td><td align=left><a href=https:\/\/www.athema.it\/arcope\/benedini\/scheda_catalogo.php?OPE_CODI=1197 target=_blank><img src=https:\/\/www.athema.it\/arcope\/benedini\/images\/1197.JPG style=height:200px; \/><\/a><br \/>AGB 1197 - Pend 52<br \/><i>Pendolo del tempo<\/i>, [1985]<br \/> Polimaterica su legno<\/td><\/tr><tr><td colspan=3><br \/><\/td><\/tr><tr><td align=left><a href=https:\/\/www.athema.it\/arcope\/benedini\/scheda_catalogo.php?OPE_CODI=1198 target=_blank><img src=https:\/\/www.athema.it\/arcope\/benedini\/images\/1198.JPG style=height:200px; \/><\/a><br \/>AGB 1198 - Pend 53<br \/><i>Pendolo del tempo<\/i>, [1985]<br \/> Polimaterica su legno, 70 x 20<\/td><td align=left><a href=https:\/\/www.athema.it\/arcope\/benedini\/scheda_catalogo.php?OPE_CODI=1199 target=_blank><img src=https:\/\/www.athema.it\/arcope\/benedini\/images\/1199.JPG style=height:200px; \/><\/a><br \/>AGB 1199 - Pend 54<br \/><i>Pendolo del tempo<\/i>, [1985]<br \/> Polimaterica su legno, 70 x 20<\/td><td align=left><a href=https:\/\/www.athema.it\/arcope\/benedini\/scheda_catalogo.php?OPE_CODI=0249 target=_blank><img src=https:\/\/www.athema.it\/arcope\/benedini\/images\/0249.JPG style=height:200px; \/><\/a><br \/>AGB 0249 - Pend 10<br \/><i>Pendolo del tempo<\/i>, 1985<br \/> Polimaterica su legno, 70 x 20<\/td><\/tr><tr><td colspan=3><br \/><\/td><\/tr><tr><td align=left><a href=https:\/\/www.athema.it\/arcope\/benedini\/scheda_catalogo.php?OPE_CODI=0843 target=_blank><img src=https:\/\/www.athema.it\/arcope\/benedini\/images\/0843.JPG style=height:200px; \/><\/a><br \/>AGB 0843 - Pend 37<br \/><i>Pendolo del tempo<\/i>, [1985]<br \/> Polimaterica su legno, 70 x 20<\/td><td align=left><a href=https:\/\/www.athema.it\/arcope\/benedini\/scheda_catalogo.php?OPE_CODI=0804 target=_blank><img src=https:\/\/www.athema.it\/arcope\/benedini\/images\/0804.JPG style=height:200px; \/><\/a><br \/>AGB 0804 - Pend 34<br \/><i>Pendolo del tempo<\/i>, [1985]<br \/> Polimaterica su legno, 70 x 20<\/td><td align=left><a href=https:\/\/www.athema.it\/arcope\/benedini\/scheda_catalogo.php?OPE_CODI=0805 target=_blank><img src=https:\/\/www.athema.it\/arcope\/benedini\/images\/0805.JPG style=height:200px; \/><\/a><br \/>AGB 0805 - Pend 35<br \/><i>Pendolo del tempo<\/i>, [1985]<br \/> Polimaterica su legno, 70 x 20<\/td><\/tr><tr><td colspan=3><br \/><\/td><\/tr><tr><td align=left><a href=https:\/\/www.athema.it\/arcope\/benedini\/scheda_catalogo.php?OPE_CODI=1329 target=_blank><img src=https:\/\/www.athema.it\/arcope\/benedini\/images\/1329.JPG style=height:200px; \/><\/a><br \/>AGB 1329 - Pend 60<br \/><i>Pendolo del tempo<\/i>, [1985]<br \/> Polimaterica su legno<\/td><td align=left><a href=https:\/\/www.athema.it\/arcope\/benedini\/scheda_catalogo.php?OPE_CODI=2275 target=_blank><img src=https:\/\/www.athema.it\/arcope\/benedini\/images\/2275.JPG style=height:200px; \/><\/a><br \/>AGB 2275 - Pend 62<br \/><i>Pendolo del tempo<\/i>, [1985]<br \/> Polimaterica su legno, 70 x 20<\/td><td align=left><a href=https:\/\/www.athema.it\/arcope\/benedini\/scheda_catalogo.php?OPE_CODI=0937 target=_blank><img src=https:\/\/www.athema.it\/arcope\/benedini\/images\/0937.JPG style=height:200px; \/><\/a><br \/>AGB 0937 - Pend 39<br \/><i>Pendolo del tempo<\/i>, 1986<br \/> Polimaterica su legno, 91 x 20,5<\/td><\/tr><tr><td colspan=3><br \/><\/td><\/tr><tr><td align=left><a href=https:\/\/www.athema.it\/arcope\/benedini\/scheda_catalogo.php?OPE_CODI=1340 target=_blank><img src=https:\/\/www.athema.it\/arcope\/benedini\/images\/1340.JPG style=height:200px; \/><\/a><br \/>AGB 1340 - Pend 61<br \/><i>Pendolo del tempo<\/i>, 1986<br \/> Polimaterica su legno, 20 x 70<\/td><td align=left><a href=https:\/\/www.athema.it\/arcope\/benedini\/scheda_catalogo.php?OPE_CODI=0732 target=_blank><img src=https:\/\/www.athema.it\/arcope\/benedini\/images\/0732.JPG style=height:200px; \/><\/a><br \/>AGB 0732 - Pend 24<br \/><i>Pendolo del tempo<\/i>, [1987]<br \/> Polimaterica su legno<\/td><td align=left><a href=https:\/\/www.athema.it\/arcope\/benedini\/scheda_catalogo.php?OPE_CODI=2283 target=_blank><img src=https:\/\/www.athema.it\/arcope\/benedini\/images\/2283.JPG style=height:200px; \/><\/a><br \/>AGB 2283 - Pend 63<br \/><i>Pendolo del tempo<\/i>, 1987<br \/> Polimaterica su legno<\/td><\/tr><tr><td colspan=3><br \/><\/td><\/tr><tr><td align=left><a href=https:\/\/www.athema.it\/arcope\/benedini\/scheda_catalogo.php?OPE_CODI=0593 target=_blank><img src=https:\/\/www.athema.it\/arcope\/benedini\/images\/0593.JPG style=height:200px; \/><\/a><br \/>AGB 0593 - Pend 18<br \/><i>Pendolo del tempo<\/i>, 1988<br \/> Polimaterica su legno, 69 x 20,5<\/td><td align=left><a href=https:\/\/www.athema.it\/arcope\/benedini\/scheda_catalogo.php?OPE_CODI=0735 target=_blank><img src=https:\/\/www.athema.it\/arcope\/benedini\/images\/0735.JPG style=height:200px; \/><\/a><br \/>AGB 0735 - Pend 27<br \/><i>Pendolo del tempo<\/i>, 1988<br \/> Polimaterica su legno, 69,1 x 20,6<\/td><td align=left><a href=https:\/\/www.athema.it\/arcope\/benedini\/scheda_catalogo.php?OPE_CODI=1118 target=_blank><img src=https:\/\/www.athema.it\/arcope\/benedini\/images\/1118.JPG style=height:200px; \/><\/a><br \/>AGB 1118 - Pend 48<br \/><i>Pendolo del tempo<\/i>, 1988<br \/> Polimaterica su legno, 70 x 20<\/td><\/tr><tr><td colspan=3><br \/><\/td><\/tr><tr><td align=left><a href=https:\/\/www.athema.it\/arcope\/benedini\/scheda_catalogo.php?OPE_CODI=1162 target=_blank><img src=https:\/\/www.athema.it\/arcope\/benedini\/images\/1162.JPG style=height:200px; \/><\/a><br \/>AGB 1162 - Pend 50<br \/><i>Pendolo del tempo<\/i>, 1988<br \/> Polimaterica su legno, 69 x 20,5<\/td><td align=left><a href=https:\/\/www.athema.it\/arcope\/benedini\/scheda_catalogo.php?OPE_CODI=1224 target=_blank><img src=https:\/\/www.athema.it\/arcope\/benedini\/images\/1224.JPG style=height:200px; \/><\/a><br \/>AGB 1224 - Pend 57<br \/><i>Pendolo del tempo<\/i>, [1989]<br \/> Polimaterica su legno, 70 x 20<\/td><td align=left><a href=https:\/\/www.athema.it\/arcope\/benedini\/scheda_catalogo.php?OPE_CODI=1226 target=_blank><img src=https:\/\/www.athema.it\/arcope\/benedini\/images\/1226.JPG style=height:200px; \/><\/a><br \/>AGB 1226 - Pend 58<br \/><i>Pendolo del tempo<\/i>, [1989]<br \/> Polimaterica su legno<\/td><\/tr><tr><td colspan=3><br \/><\/td><\/tr><tr><td align=left><a href=https:\/\/www.athema.it\/arcope\/benedini\/scheda_catalogo.php?OPE_CODI=0733 target=_blank><img src=https:\/\/www.athema.it\/arcope\/benedini\/images\/0733.JPG style=height:200px; \/><\/a><br \/>AGB 0733 - Pend 25<br \/><i>Pendolo del tempo<\/i>, 1990   <br \/> Polimaterica su legno, 70 x 20<\/td><td align=left><a href=https:\/\/www.athema.it\/arcope\/benedini\/scheda_catalogo.php?OPE_CODI=0801 target=_blank><img src=https:\/\/www.athema.it\/arcope\/benedini\/images\/0801.JPG style=height:200px; \/><\/a><br \/>AGB 0801 - Pend 32<br \/><i>Pendolo del tempo<\/i>, [1990]<br \/> Polimaterica su legno<\/td><td align=left><a href=https:\/\/www.athema.it\/arcope\/benedini\/scheda_catalogo.php?OPE_CODI=1219 target=_blank><img src=https:\/\/www.athema.it\/arcope\/benedini\/images\/1219.JPG style=height:200px; \/><\/a><br \/>AGB 1219 - Pend 56<br \/><i>Pendolo del tempo<\/i>, 1991<br \/> Polimaterica su legno, 69,5 x 20,5<\/td><\/tr><tr><td colspan=3><br \/><\/td><\/tr><tr><td align=left><a href=https:\/\/www.athema.it\/arcope\/benedini\/scheda_catalogo.php?OPE_CODI=1278 target=_blank><img src=https:\/\/www.athema.it\/arcope\/benedini\/images\/1278.JPG style=height:200px; \/><\/a><br \/>AGB 1278 - Pend 59<br \/><i>Pendolo del tempo<\/i>, 1991<br \/> Polimaterica su legno, 71 x 21<\/td><td align=left><a href=https:\/\/www.athema.it\/arcope\/benedini\/scheda_catalogo.php?OPE_CODI=0806 target=_blank><img src=https:\/\/www.athema.it\/arcope\/benedini\/images\/0806.JPG style=height:200px; \/><\/a><br \/>AGB 0806 - Pend 36<br \/><i>Pendolo del tempo<\/i>, [1991]<br \/> Polimaterica su legno, 70 x 20<\/td><td align=left><a href=https:\/\/www.athema.it\/arcope\/benedini\/scheda_catalogo.php?OPE_CODI=0796 target=_blank><img src=https:\/\/www.athema.it\/arcope\/benedini\/images\/0796.JPG style=height:200px; \/><\/a><br \/>AGB 0796 - Pend 30<br \/><i>Pendolo del tempo<\/i>, 1991<br \/> Polimaterica su legno<\/td><\/tr><tr><td colspan=3><br \/><\/td><\/tr><tr><td align=left><a href=https:\/\/www.athema.it\/arcope\/benedini\/scheda_catalogo.php?OPE_CODI=0800 target=_blank><img src=https:\/\/www.athema.it\/arcope\/benedini\/images\/0800.JPG style=height:200px; \/><\/a><br \/>AGB 0800 - Pend 31<br \/><i>Pendolo del tempo<\/i>, 1992<br \/> Polimaterica su legno, 69 x 21<\/td><td align=left><a href=https:\/\/www.athema.it\/arcope\/benedini\/scheda_catalogo.php?OPE_CODI=0731 target=_blank><img src=https:\/\/www.athema.it\/arcope\/benedini\/images\/0731.JPG style=height:200px; \/><\/a><br \/>AGB 0731 - Pend 23<br \/><i>Pendolo del tempo<\/i>, [1992]<br \/> Polimaterica su legno, 70 x 20<\/td><td align=left><a href=https:\/\/www.athema.it\/arcope\/benedini\/scheda_catalogo.php?OPE_CODI=0730 target=_blank><img src=https:\/\/www.athema.it\/arcope\/benedini\/images\/0730.JPG style=height:200px; \/><\/a><br \/>AGB 0730 - Pend 22<br \/><i>Pendolo del tempo<\/i>, [1992]<br \/> Polimaterica su legno, 70 x 20<\/td><\/tr><tr><td colspan=3><br \/><\/td><\/tr><tr><td align=left><a href=https:\/\/www.athema.it\/arcope\/benedini\/scheda_catalogo.php?OPE_CODI=0395 target=_blank><img src=https:\/\/www.athema.it\/arcope\/benedini\/images\/0395.JPG style=height:200px; \/><\/a><br \/>AGB 0395 - Pend 11<br \/><i>Pendolo del tempo<\/i>, 1992<br \/> Polimaterica su legno, 70 x 20<\/td><td align=left><a href=https:\/\/www.athema.it\/arcope\/benedini\/scheda_catalogo.php?OPE_CODI=0396 target=_blank><img src=https:\/\/www.athema.it\/arcope\/benedini\/images\/0396.JPG style=height:200px; \/><\/a><br \/>AGB 0396 - Pend 12<br \/><i>Pendolo del tempo<\/i>, 1992<br \/> Polimaterica su legno, 70 x 20<\/td><td align=left><a href=https:\/\/www.athema.it\/arcope\/benedini\/scheda_catalogo.php?OPE_CODI=0397 target=_blank><img src=https:\/\/www.athema.it\/arcope\/benedini\/images\/0397.JPG style=height:200px; \/><\/a><br \/>AGB 0397 - Pend 13<br \/><i>Pendolo del tempo<\/i>, 1992<br \/> Polimaterica su legno, 70 x 20<\/td><\/tr><tr><td colspan=3><br \/><\/td><\/tr><tr><td align=left><a href=https:\/\/www.athema.it\/arcope\/benedini\/scheda_catalogo.php?OPE_CODI=0398 target=_blank><img src=https:\/\/www.athema.it\/arcope\/benedini\/images\/0398.JPG style=height:200px; \/><\/a><br \/>AGB 0398 - Pend 14<br \/><i>Pendolo del tempo<\/i>, (1992)<br \/> Polimaterica su legno, 70 x 20<\/td><td align=left><a href=https:\/\/www.athema.it\/arcope\/benedini\/scheda_catalogo.php?OPE_CODI=0400 target=_blank><img src=https:\/\/www.athema.it\/arcope\/benedini\/images\/0400.JPG style=height:200px; \/><\/a><br \/>AGB 0400 - Pend 16<br \/><i>Pendolo del tempo<\/i>, 1992<br \/> Polimaterica su legno, 70 x 20<\/td><td align=left><a href=https:\/\/www.athema.it\/arcope\/benedini\/scheda_catalogo.php?OPE_CODI=0399 target=_blank><img src=https:\/\/www.athema.it\/arcope\/benedini\/images\/0399.JPG style=height:200px; \/><\/a><br \/>AGB 0399 - Pend 15<br \/><i>Pendolo del tempo<\/i>, 1992<br \/> Polimaterica su legno, 70 x 20<\/td><\/tr><tr><td colspan=3><br \/><\/td><\/tr><tr><td align=left><a href=https:\/\/www.athema.it\/arcope\/benedini\/scheda_catalogo.php?OPE_CODI=0022 target=_blank><img src=https:\/\/www.athema.it\/arcope\/benedini\/images\/0022.JPG style=height:200px; \/><\/a><br \/>AGB 0022 - Pend 2<br \/><i>Pendolo del tempo n. 2<\/i>, 1993<br \/> Polimaterica su legno, 70 x 21<\/td><td align=left><a href=https:\/\/www.athema.it\/arcope\/benedini\/scheda_catalogo.php?OPE_CODI=0023 target=_blank><img src=https:\/\/www.athema.it\/arcope\/benedini\/images\/0023.JPG style=height:200px; \/><\/a><br \/>AGB 0023 - Pend 3<br \/><i>Pendolo del tempo n. 3<\/i>, 1993<br \/> Polimaterica su legno, 70 x 21<\/td><td align=left><a href=https:\/\/www.athema.it\/arcope\/benedini\/scheda_catalogo.php?OPE_CODI=0024 target=_blank><img src=https:\/\/www.athema.it\/arcope\/benedini\/images\/0024.JPG style=height:200px; \/><\/a><br \/>AGB 0024 - Pend 4<br \/><i>Pendolo del tempo n. 4<\/i>, 1993<br \/> Polimaterica su legno, 70 x 21<\/td><\/tr><tr><td colspan=3><br \/><\/td><\/tr><tr><td align=left><a href=https:\/\/www.athema.it\/arcope\/benedini\/scheda_catalogo.php?OPE_CODI=0025 target=_blank><img src=https:\/\/www.athema.it\/arcope\/benedini\/images\/0025.JPG style=height:200px; \/><\/a><br \/>AGB 0025 - Pend 5<br \/><i>Pendolo del tempo n. 5<\/i>, 1993<br \/> Polimaterica su legno, 68 x 20<\/td><td align=left><a href=https:\/\/www.athema.it\/arcope\/benedini\/scheda_catalogo.php?OPE_CODI=0026 target=_blank><img src=https:\/\/www.athema.it\/arcope\/benedini\/images\/0026.JPG style=height:200px; \/><\/a><br \/>AGB 0026 - Pend 6<br \/><i>Pendolo del tempo n. 6<\/i>, 1993<br \/> Polimaterica su legno, 70 x 21<\/td><td align=left><a href=https:\/\/www.athema.it\/arcope\/benedini\/scheda_catalogo.php?OPE_CODI=0795 target=_blank><img src=https:\/\/www.athema.it\/arcope\/benedini\/images\/0795.JPG style=height:200px; \/><\/a><br \/>AGB 0795 - Pend 29<br \/><i>Pendolo del tempo<\/i>, 1993<br \/> Polimaterica su legno, 69 x 20,5<\/td><\/tr><tr><td colspan=3><br \/><\/td><\/tr><tr><td align=left><a href=https:\/\/www.athema.it\/arcope\/benedini\/scheda_catalogo.php?OPE_CODI=0021 target=_blank><img src=https:\/\/www.athema.it\/arcope\/benedini\/images\/0021.JPG style=height:200px; \/><\/a><br \/>AGB 0021 - Pend 1<br \/><i>Pendolo del tempo n. 1<\/i>, 1993<br \/> Polimaterica su legno, 70 x 21<\/td><td align=left><a href=https:\/\/www.athema.it\/arcope\/benedini\/scheda_catalogo.php?OPE_CODI=0435 target=_blank><img src=https:\/\/www.athema.it\/arcope\/benedini\/images\/0435.JPG style=height:200px; \/><\/a><br \/>AGB 0435 - Pend 17<br \/><i>Pendolo del tempo<\/i>, 1995<br \/> Polimaterica su legno, 70 x 21<\/td><td align=left><a href=https:\/\/www.athema.it\/arcope\/benedini\/scheda_catalogo.php?OPE_CODI=0870 target=_blank><img src=https:\/\/www.athema.it\/arcope\/benedini\/images\/0870.JPG style=height:200px; \/><\/a><br \/>AGB 0870 - Pend 38<br \/><i>Pendolo del tempo<\/i>, 1995<br \/> Polimaterica su legno, 70 x 21<\/td><\/tr><tr><td colspan=3><br \/><\/td><\/tr><tr><td align=left><a href=https:\/\/www.athema.it\/arcope\/benedini\/scheda_catalogo.php?OPE_CODI=0965 target=_blank><img src=https:\/\/www.athema.it\/arcope\/benedini\/images\/0965.JPG style=height:200px; \/><\/a><br \/>AGB 0965 - Pend 46<br \/><i>Pendolo del tempo<\/i>, 1996<br \/> Polimaterica su legno, 70 x 21<\/td><td align=left><a href=https:\/\/www.athema.it\/arcope\/benedini\/scheda_catalogo.php?OPE_CODI=0802 target=_blank><img src=https:\/\/www.athema.it\/arcope\/benedini\/images\/0802.JPG style=height:200px; \/><\/a><br \/>AGB 0802 - Pend 33<br \/><i>Pendolo del tempo<\/i>, 1996<br \/> Polimaterica su legno, 70 x 20<\/td><td align=left><a href=https:\/\/www.athema.it\/arcope\/benedini\/scheda_catalogo.php?OPE_CODI=1203 target=_blank><img src=https:\/\/www.athema.it\/arcope\/benedini\/images\/1203.JPG style=height:200px; \/><\/a><br \/>AGB 1203 - Pend 55<br \/><i>Pendolo del tempo<\/i>, 1998<br \/> Polimaterica su legno, 70 x 20<\/td><\/tr><tr><td colspan=3><br \/><\/td><\/tr><tr><td align=left><a href=https:\/\/www.athema.it\/arcope\/benedini\/scheda_catalogo.php?OPE_CODI=0095 target=_blank><img src=https:\/\/www.athema.it\/arcope\/benedini\/images\/0095.JPG style=height:200px; \/><\/a><br \/>AGB 0095 - Pend 7<br \/><i>Pendolo del tempo<\/i>, 1998<br \/> Polimaterica su legno, 70 x 20<\/td><td align=left><a href=https:\/\/www.athema.it\/arcope\/benedini\/scheda_catalogo.php?OPE_CODI=0631 target=_blank><img src=https:\/\/www.athema.it\/arcope\/benedini\/images\/0631.JPG style=height:200px; \/><\/a><br \/>AGB 0631 - Pend 19<br \/><i>Pendolo del tempo<\/i>, 1999<br \/> Polimaterica su legno, 70 x 20<\/td><td align=left><a href=https:\/\/www.athema.it\/arcope\/benedini\/scheda_catalogo.php?OPE_CODI=0633 target=_blank><img src=https:\/\/www.athema.it\/arcope\/benedini\/images\/0633.JPG style=height:200px; \/><\/a><br \/>AGB 0633 - Pend 20<br \/><i>Pendolo del tempo<\/i>, 1999<br \/> Polimaterica su legno, 70 x 20<\/td><\/tr><tr><td colspan=3><br \/><\/td><\/tr><tr><td align=left><a href=https:\/\/www.athema.it\/arcope\/benedini\/scheda_catalogo.php?OPE_CODI=0635 target=_blank><img src=https:\/\/www.athema.it\/arcope\/benedini\/images\/0635.JPG style=height:200px; \/><\/a><br \/>AGB 0635 - Pend 21<br \/><i>Pendolo del tempo<\/i>, 1999<br \/> Polimaterica su legno, 70 x 20<\/td><td align=left><a href=https:\/\/www.athema.it\/arcope\/benedini\/scheda_catalogo.php?OPE_CODI=0125 target=_blank><img src=https:\/\/www.athema.it\/arcope\/benedini\/images\/0125.JPG style=height:200px; \/><\/a><br \/>AGB 0125 - Pend 9<br \/><i>Pendolo del tempo<\/i>, 2000<br \/> Polimaterica su legno, 70 x 21<\/td><td align=left><a href=https:\/\/www.athema.it\/arcope\/benedini\/scheda_catalogo.php?OPE_CODI=0096 target=_blank><img src=https:\/\/www.athema.it\/arcope\/benedini\/images\/0096.JPG style=height:200px; \/><\/a><br \/>AGB 0096 - Pend 8<br \/><i>Pendolo del tempo<\/i>, 2004<br \/> Polimaterica su legno, 70 x 20<\/td><\/tr><tr><td colspan=3><br \/><\/td><\/tr><\/table>\n\n","protected":false},"excerpt":{"rendered":"<p>Pendoli del tempo Dalla met\u00e0 del decennio Ottanta Gabriella Benedini inizia a elaborare i Pendoli del tempo, una creazione dal caratteristico formato allungato (60\/70 x 20), che si pone in una dimensione intermedia tra l&#8217;opera pittorica e quella scultorea. La prima presenza a un&#8217;esposizione risulta essere a Bruxelles alla Galleria di Sonia Berryer, dove \u00e8 esposto un Pendolo del 1990 (AGB 0733).\u00a0 E&#8217; evidente anche in questo caso la ricerca condotta all&#8217;interno della serialit\u00e0, cos\u00ec da sondare, proprio grazie alla reiterazione, tutte le possibilit\u00e0 che questa riflessione sul tempo pu\u00f2 offrire: elabora, infatti, nell&#8217;arco di circa venticinque anni, fino al 2004, sessantatr\u00e9 esemplari e, come per altre tipologie, \u00e8 possibile&hellip; <a class=\"read-more\" href=\"https:\/\/www.athema.it\/catalogo_benedini\/pendoli-del-tempo\/\">Read More<\/a><\/p>\n","protected":false},"author":1,"featured_media":0,"parent":0,"menu_order":0,"comment_status":"closed","ping_status":"closed","template":"","meta":{"footnotes":""},"class_list":["post-797","page","type-page","status-publish","hentry"],"_links":{"self":[{"href":"https:\/\/www.athema.it\/catalogo_benedini\/wp-json\/wp\/v2\/pages\/797","targetHints":{"allow":["GET"]}}],"collection":[{"href":"https:\/\/www.athema.it\/catalogo_benedini\/wp-json\/wp\/v2\/pages"}],"about":[{"href":"https:\/\/www.athema.it\/catalogo_benedini\/wp-json\/wp\/v2\/types\/page"}],"author":[{"embeddable":true,"href":"https:\/\/www.athema.it\/catalogo_benedini\/wp-json\/wp\/v2\/users\/1"}],"replies":[{"embeddable":true,"href":"https:\/\/www.athema.it\/catalogo_benedini\/wp-json\/wp\/v2\/comments?post=797"}],"version-history":[{"count":8,"href":"https:\/\/www.athema.it\/catalogo_benedini\/wp-json\/wp\/v2\/pages\/797\/revisions"}],"predecessor-version":[{"id":2121,"href":"https:\/\/www.athema.it\/catalogo_benedini\/wp-json\/wp\/v2\/pages\/797\/revisions\/2121"}],"wp:attachment":[{"href":"https:\/\/www.athema.it\/catalogo_benedini\/wp-json\/wp\/v2\/media?parent=797"}],"curies":[{"name":"wp","href":"https:\/\/api.w.org\/{rel}","templated":true}]}}