{"id":1886,"date":"2024-10-14T17:56:08","date_gmt":"2024-10-14T15:56:08","guid":{"rendered":"https:\/\/www.athema.it\/catalogo_benedini\/?page_id=1886"},"modified":"2024-11-15T18:10:02","modified_gmt":"2024-11-15T17:10:02","slug":"opere-bidimensionali-1958-1959","status":"publish","type":"page","link":"https:\/\/www.athema.it\/catalogo_benedini\/opere-bidimensionali-1958-1959\/","title":{"rendered":"1958-1959"},"content":{"rendered":"\n<h2>\n\t\t1958 &#8211; 1959\n\t<\/h2>\n\t<p>Sono i primi lavori noti dell&#8217;artista, realizzati appena giunta a Parigi; li presenta con successo\u00a0 in alcune collettive e in un paio di personali, le prime della sua carriera, anche se, purtroppo, non siamo in grado di sapere esattamente quali dipinti espone nelle varie rassegne. Tuttavia due dipinti (AGB 2280 e 2281) sono visibili nella fotografia che accompagna l&#8217;articolo <i>Cocktail e successo per Gabriella Benedini. Una pittrice cremonese espone in una galleria parigina<\/i>\t<a class=\"paoc-popup-click paoc-popup-cust-1889 paoc-popup-button paoc-popup-btn \" href=\"javascript:void(0);\">[1]<\/a>\r\n<i>, <\/i>che si riferisce alla mostra svoltasi alla Galerie Volmar\t<a class=\"paoc-popup-click paoc-popup-cust-1890 paoc-popup-button paoc-popup-btn \" href=\"javascript:void(0);\">[2]<\/a>\r\n.\u00a0<\/p>\n<p>La critica parigina riconosce nel suo lavoro \u00ab[&#8230;] une certaine fid\u00e9lit\u00e9 \u00e0 un esprit de recherche italien qui va des Chirico de la premi\u00e8re periode aux Carr\u00e0, Morandi &#8230;\u00bb e sottolinea che la pittrice ama \u00ab[&#8230;] les volumes bien d\u00e9finis et simples, la construction solide, les plans bien articuli\u00e9s\u00bb\t<a class=\"paoc-popup-click paoc-popup-cust-1891 paoc-popup-button paoc-popup-btn \" href=\"javascript:void(0);\">[3]<\/a>\r\n e Serge Baram\u00a0 afferma che l&#8217;artista \u00ab[&#8230;]trasforme des objets r\u00e9els et en invente d&#8217;autres dans ses peintures d&#8217;un surr\u00e9alisme tout \u00e0 fait original.\u00bb\t<a class=\"paoc-popup-click paoc-popup-cust-1893 paoc-popup-button paoc-popup-btn \" href=\"javascript:void(0);\">[4]<\/a>\r\n<\/p>\n<p>Si discosta da queste opere per cos\u00ec dire surrealiste <i>Sabbia<\/i> (AGB 0123), in cui compaiono in alto delle piccole frecce, che alludono alle armi dei primitivi cacciatori. Molto probabilmente il dipinto, noostante la data che compare sul fronte e sul retro, anche secondo quanto ricorda l&#8217;artista, \u00e8 stato realizzato nel decennio settanta a seguito di un viaggio nel deserto del Tener\u00e9.<\/p>\n\t \r\n\r\n<form action=\"#\" method=\"post\">\r\n<table>\r\n\t<tr>\r\n\t\t<td>Codice<\/td><td><input type=\"text\" name=\"ope_codi\" size=\"50\" maxlength=\"50\" style=\"width:150px;\" value=\"\"><\/td>\r\n\t\t<td>Inventario<\/td><td><input type=\"text\" name=\"ope_inv\" size=\"50\" maxlength=\"50\" style=\"width:150px;\" value=\"\"><\/td>\r\n\t<\/tr>\r\n\t<tr>\r\n\t\t<td>Titolo<\/td><td colspan=3><input type=\"text\" name=\"ope_tit\" size=\"350\" maxlength=\"50\" style=\"width:735px;\" value=\"\"><\/td>\r\n\t<\/tr>\r\n\t<tr>\r\n\t\t<td>Tecnica<\/td><td><input type=\"text\" name=\"ope_tec\" size=\"50\" maxlength=\"50\" style=\"width:200px;\" value=\"\"><\/td>\r\n\t\t<td>Supporto<\/td><td><input type=\"text\" name=\"ope_sup\" size=\"50\" maxlength=\"50\" style=\"width:200px;\" value=\"\"><\/td>\r\n\t<\/tr>\r\n\t<tr>\r\n\t\t<td>Dall'anno<\/td><td><input type=\"text\" name=\"dallanno\" size=\"50\" maxlength=\"50\" style=\"width:100px;\" value=\"\"><\/td>\r\n\t\t<td> All'anno<\/td><td><input type=\"text\" name=\"allanno\" size=\"50\" maxlength=\"50\" style=\"width:100px;\" value=\"\"><\/td>\r\n\t<\/tr>\r\n\t\t<tr>\r\n\t\t<td>\r\n\t<label>Ordine di data:<\/label>\r\n\t\t<\/td>\r\n\t\t<td>\r\n   <input type=\"radio\" name=\"ordine\" value=\"asc\" checked> Ascendente \u2193\r\n\t&nbsp;&nbsp;\r\n\t\t\t<input type=\"radio\" name=\"ordine\" value=\"desc\" > Discendente \u2191\r\n\t\t<\/td>\r\n\t\t<\/tr>\r\n\t<\/table>\r\n \r\n\r\n <input type=\"hidden\" name=\"risu\" size=\"6\" maxlength=\"6\" value=\"SELECT * FROM AOANAOPE  WHERE OPE_CODI>'0' AND (OPE_INV LIKE '%bid%') AND (`OPE_DATA` >= '1958-01-01') AND (`OPE_DATA` <= '1959-12-31')  ORDER BY OPE_DATA ASC\"><br>\r\n <input type=\"submit\" value=\"Cerca\">\r\n <\/form>\r\n<br \/><table width=100% bgcolor=#FFFFFF border=1 cellspacing=1 cellpadding=1 bordercolorlight=#000000 bordercolordark=#000000><tr><td align=left><a href=https:\/\/www.athema.it\/arcope\/benedini\/scheda_catalogo.php?OPE_CODI=0332 target=_blank><img src=https:\/\/www.athema.it\/arcope\/benedini\/images\/0332.JPG style=height:200px; \/><\/a><br \/>AGB 0332 - Op bid A 207<br \/><i>Presenze fossili<\/i>, 1958<br \/> Olio su tela, 55 x 66<\/td><td align=left><a href=https:\/\/www.athema.it\/arcope\/benedini\/scheda_catalogo.php?OPE_CODI=0333 target=_blank><img src=https:\/\/www.athema.it\/arcope\/benedini\/images\/0333.JPG style=height:200px; \/><\/a><br \/>AGB 0333 - Op bid A 208<br \/><i>Fondo marino<\/i>, 1958<br \/> Olio su tela, 61 x 72<\/td><td align=left><a href=https:\/\/www.athema.it\/arcope\/benedini\/scheda_catalogo.php?OPE_CODI=0334 target=_blank><img src=https:\/\/www.athema.it\/arcope\/benedini\/images\/0334.JPG style=height:200px; \/><\/a><br \/>AGB 0334 - Op bid A 209<br \/><i>Cortecce<\/i>, 1958<br \/> Olio su tela, 50 x 60<\/td><\/tr><tr><td colspan=3><br \/><\/td><\/tr><tr><td align=left><a href=https:\/\/www.athema.it\/arcope\/benedini\/scheda_catalogo.php?OPE_CODI=2280 target=_blank><img src=https:\/\/www.athema.it\/arcope\/benedini\/images\/2280.JPG style=height:200px; \/><\/a><br \/>AGB 2280 - Op bid A 923<br \/><i>Senza titolo<\/i>, 1958<br \/> Olio su tela, 60 x 73<\/td><td align=left><a href=https:\/\/www.athema.it\/arcope\/benedini\/scheda_catalogo.php?OPE_CODI=2281 target=_blank><img src=https:\/\/www.athema.it\/arcope\/benedini\/images\/2281.JPG style=height:200px; \/><\/a><br \/>AGB 2281 - Op bid A 924<br \/><i>Senza titolo<\/i>, 1958<br \/> Olio su tela, 70 x 63<\/td><td align=left><a href=https:\/\/www.athema.it\/arcope\/benedini\/scheda_catalogo.php?OPE_CODI=2282 target=_blank><img src=https:\/\/www.athema.it\/arcope\/benedini\/images\/2282.JPG style=height:200px; \/><\/a><br \/>AGB 2282 - Op bid A 925<br \/><i>Senza titolo<\/i>, 1958<br \/> Olio su tela, 70 x 63<\/td><\/tr><tr><td colspan=3><br \/><\/td><\/tr><tr><td align=left><a href=https:\/\/www.athema.it\/arcope\/benedini\/scheda_catalogo.php?OPE_CODI=0123 target=_blank><img src=https:\/\/www.athema.it\/arcope\/benedini\/images\/0123.JPG style=height:200px; \/><\/a><br \/>AGB 0123 - Op bid A 46<br \/><i>Sabbia<\/i>, 1958-1959<br \/> Acrilico su tela, 39 x 49,5<\/td><\/table>\n\n","protected":false},"excerpt":{"rendered":"<p>1958 &#8211; 1959 Sono i primi lavori noti dell&#8217;artista, realizzati appena giunta a Parigi; li presenta con successo\u00a0 in alcune collettive e in un paio di personali, le prime della sua carriera, anche se, purtroppo, non siamo in grado di sapere esattamente quali dipinti espone nelle varie rassegne. Tuttavia due dipinti (AGB 2280 e 2281) sono visibili nella fotografia che accompagna l&#8217;articolo Cocktail e successo per Gabriella Benedini. Una pittrice cremonese espone in una galleria parigina, che si riferisce alla mostra svoltasi alla Galerie Volmar.\u00a0 La critica parigina riconosce nel suo lavoro \u00ab[&#8230;] une certaine fid\u00e9lit\u00e9 \u00e0 un esprit de recherche italien qui va des Chirico de la premi\u00e8re periode&hellip; <a class=\"read-more\" href=\"https:\/\/www.athema.it\/catalogo_benedini\/opere-bidimensionali-1958-1959\/\">Read More<\/a><\/p>\n","protected":false},"author":1,"featured_media":0,"parent":0,"menu_order":0,"comment_status":"closed","ping_status":"closed","template":"","meta":{"footnotes":""},"class_list":["post-1886","page","type-page","status-publish","hentry"],"_links":{"self":[{"href":"https:\/\/www.athema.it\/catalogo_benedini\/wp-json\/wp\/v2\/pages\/1886","targetHints":{"allow":["GET"]}}],"collection":[{"href":"https:\/\/www.athema.it\/catalogo_benedini\/wp-json\/wp\/v2\/pages"}],"about":[{"href":"https:\/\/www.athema.it\/catalogo_benedini\/wp-json\/wp\/v2\/types\/page"}],"author":[{"embeddable":true,"href":"https:\/\/www.athema.it\/catalogo_benedini\/wp-json\/wp\/v2\/users\/1"}],"replies":[{"embeddable":true,"href":"https:\/\/www.athema.it\/catalogo_benedini\/wp-json\/wp\/v2\/comments?post=1886"}],"version-history":[{"count":7,"href":"https:\/\/www.athema.it\/catalogo_benedini\/wp-json\/wp\/v2\/pages\/1886\/revisions"}],"predecessor-version":[{"id":2154,"href":"https:\/\/www.athema.it\/catalogo_benedini\/wp-json\/wp\/v2\/pages\/1886\/revisions\/2154"}],"wp:attachment":[{"href":"https:\/\/www.athema.it\/catalogo_benedini\/wp-json\/wp\/v2\/media?parent=1886"}],"curies":[{"name":"wp","href":"https:\/\/api.w.org\/{rel}","templated":true}]}}