{"id":1000,"date":"2024-05-28T10:06:23","date_gmt":"2024-05-28T08:06:23","guid":{"rendered":"https:\/\/www.athema.it\/catalogo_benedini\/?page_id=1000"},"modified":"2025-03-17T16:02:27","modified_gmt":"2025-03-17T15:02:27","slug":"multipli","status":"publish","type":"page","link":"https:\/\/www.athema.it\/catalogo_benedini\/multipli\/","title":{"rendered":"Multipli"},"content":{"rendered":"\n<h2>\n\t\tMultipli\n\t<\/h2>\n\t<p>Tra il 1983 e il 1984 Gabriella Benedini realizza dei multipli\t<a class=\"paoc-popup-click paoc-popup-cust-1655 paoc-popup-button paoc-popup-btn \" href=\"javascript:void(0);\">[1]<\/a>\r\n, intitolati <i>Lettere italiane <\/i>ed <i>Enigma<\/i>. Alla base di questi lavori compaiono delle riproduzioni tratte da un disegno dell&#8217;artista, sulle quali sono operati degli interventi che rendono unico ogni singolo lavoro. Tali interventi sono costituiti da disegni, ma anche dall&#8217;applicazione di carte e l&#8217;opera \u00e8 spesso completata con l&#8217;inserimento di un uovo di marmo, chiaro simbolo di fecondit\u00e0. Il tutto\u00a0 racchiuso in una cassettina di plexiglas che d\u00e0 forma a un vero e proprio oggetto artistico.<\/p>\n<p>Si tratta di due differenti tipologie, proposte ciascuna in pi\u00f9 esemplari, mutuando in alcuni casi la numerazione dal mondo dell&#8217;incisione e sottolineando, in questo modo, l&#8217;aspetto di riproducibilit\u00e0: ne nasce un dialogo, dunque, di chiara valenza concettuale, tra unicit\u00e0 dell&#8217;opera d&#8217;arte e serialit\u00e0. La prima tipologia, declinata per cos\u00ec dire in tre serie datate 1983, \u00e8 intitolata <i>Lettere Italiane &#8211; mutazione<\/i>\t<a class=\"paoc-popup-click paoc-popup-cust-1656 paoc-popup-button paoc-popup-btn \" href=\"javascript:void(0);\">[2]<\/a>\r\n, riprendendo il titolo di una serie di dipinti dei medesimi anni (AGB serie A: 0765; 0935; 1014; 1613; serie B\t<a class=\"paoc-popup-click paoc-popup-cust-1657 paoc-popup-button paoc-popup-btn \" href=\"javascript:void(0);\">[3]<\/a>\r\n: 1180; 1249; 1866; 2106). E&#8217; noto un altro esemplare (AGB 2334), sempre intitolato <em>Lettere italiane &#8211; mutazione<\/em>, che utilizza solo una parte del supporto fotografico impiegato nella serie. La terza serie &#8211; di cui a oggi sono stati reperiti due esemplari AGB 1295; 2172 &#8211; \u00e8 caratterizzata dalla presenza di un disegno che si rif\u00e0 al dettaglio della conchiglia della Pala di Brera di Piero della Francesca.\u00a0<\/p>\n<p>L&#8217;anno successivo, 1984, \u00e8 realizzato un altro ciclo di multipli, <i>Enigma<\/i>, caratterizzato dalla presenza di una striscia di carta abrasiva parzialmente incollata sopra la riproduzione, cos\u00ec da creare un gioco di ombre e quindi di profondit\u00e0, completati dal piccolo uovo di marmo (AGB 0766; 1035; 1116; 1852).<\/p>\n<p>Sono state reperite inoltre altre quattro opere, tutte datate 1984, con la medesima impostazione delle precedenti, ma nelle quali solo la riproduzione circolare del disegno dell&#8217;artista \u00e8 inserita in una sorta di semisfera. Una (AGB 2300) ripropone il disegno delle <i>Lettere italiane-mutazione<\/i> serie A, ma riporta solo la seconda parte del titolo e non presenta l&#8217;uovo. Le altre tre, intitolate\u00a0 <i>Mutazione<\/i> (AGB 1853 e 2298) e una <i>Mutazione-Trasmutazione <\/i>(AGB 2299), presentano differenti disegni. Un&#8217;altra, infine, (AGB 1144) \u00e8 inserita in una cassettina di plexiglas.<\/p>\n<p>Alla tipologia dei multipli per le caratteristiche formali analoghe si pu\u00f2 riferire un&#8217;altra serie di lavori legati alla cosmogonia: i <i>Segni d&#8217;aria<\/i>, datati 1984-1986 e ispirati alle dodici costellazioni (AGB 0472-0483), esposti tutti in serie in occasione della mostra <i>Ritorno a Itaca<\/i>\t<a class=\"paoc-popup-click paoc-popup-cust-1658 paoc-popup-button paoc-popup-btn \" href=\"javascript:void(0);\">[4]<\/a>\r\n cui si aggiungono due altre prove stilisticamente molto simili (AGB 1028 e 2073).<\/p>\n \r\n\r\n<form action=\"#\" method=\"post\">\r\n<table>\r\n\t<tr>\r\n\t\t<td>Codice<\/td><td><input type=\"text\" name=\"ope_codi\" size=\"50\" maxlength=\"50\" style=\"width:150px;\" value=\"\"><\/td>\r\n\t\t<td>Inventario<\/td><td><input type=\"text\" name=\"ope_inv\" size=\"50\" maxlength=\"50\" style=\"width:150px;\" value=\"\"><\/td>\r\n\t<\/tr>\r\n\t<tr>\r\n\t\t<td>Titolo<\/td><td colspan=3><input type=\"text\" name=\"ope_tit\" size=\"350\" maxlength=\"50\" style=\"width:735px;\" value=\"\"><\/td>\r\n\t<\/tr>\r\n\t<tr>\r\n\t\t<td>Tecnica<\/td><td><input type=\"text\" name=\"ope_tec\" size=\"50\" maxlength=\"50\" style=\"width:200px;\" value=\"\"><\/td>\r\n\t\t<td>Supporto<\/td><td><input type=\"text\" name=\"ope_sup\" size=\"50\" maxlength=\"50\" style=\"width:200px;\" value=\"\"><\/td>\r\n\t<\/tr>\r\n\t<tr>\r\n\t\t<td>Dall'anno<\/td><td><input type=\"text\" name=\"dallanno\" size=\"50\" maxlength=\"50\" style=\"width:100px;\" value=\"\"><\/td>\r\n\t\t<td> All'anno<\/td><td><input type=\"text\" name=\"allanno\" size=\"50\" maxlength=\"50\" style=\"width:100px;\" value=\"\"><\/td>\r\n\t<\/tr>\r\n\t\t<tr>\r\n\t\t<td>\r\n\t<label>Ordine di data:<\/label>\r\n\t\t<\/td>\r\n\t\t<td>\r\n   <input type=\"radio\" name=\"ordine\" value=\"asc\" checked> Ascendente \u2193\r\n\t&nbsp;&nbsp;\r\n\t\t\t<input type=\"radio\" name=\"ordine\" value=\"desc\" > Discendente \u2191\r\n\t\t<\/td>\r\n\t\t<\/tr>\r\n\t<\/table>\r\n \r\n\r\n <input type=\"hidden\" name=\"risu\" size=\"6\" maxlength=\"6\" value=\"SELECT * FROM AOANAOPE  WHERE OPE_CODI>'0' AND  OPE_ALERT<>1 AND OPE_INV LIKE 'mult%' ORDER BY OPE_DATA ASC\"><br>\r\n <input type=\"submit\" value=\"Cerca\">\r\n <\/form>\r\n<br \/><table width=100% bgcolor=#FFFFFF border=1 cellspacing=1 cellpadding=1 bordercolorlight=#000000 bordercolordark=#000000><tr><td align=left><a href=https:\/\/www.athema.it\/arcope\/benedini\/scheda_catalogo.php?OPE_CODI=2334 target=_blank><img src=https:\/\/www.athema.it\/arcope\/benedini\/images\/2334.JPG style=height:200px; \/><\/a><br \/>AGB 2334 - Mult 34<br \/><i>Lettere italiane - mutazione<\/i>, 1983<br \/> Supporto fotografico e mista su carta, 30 x 21<\/td><td align=left><a href=https:\/\/www.athema.it\/arcope\/benedini\/scheda_catalogo.php?OPE_CODI=1180 target=_blank><img src=https:\/\/www.athema.it\/arcope\/benedini\/images\/1180.JPG style=height:200px; \/><\/a><br \/>AGB 1180 - Mult 21<br \/><i>Lettere Italiane - mutazione (serie B)<\/i>, 1983<br \/> Supporto fotografico, collage, mista su carta, 30 x 21,5<\/td><td align=left><a href=https:\/\/www.athema.it\/arcope\/benedini\/scheda_catalogo.php?OPE_CODI=1014 target=_blank><img src=https:\/\/www.athema.it\/arcope\/benedini\/images\/1014.JPG style=height:200px; \/><\/a><br \/>AGB 1014 - Mult 16<br \/><i>Lettere Italiane - mutazione (serie A)<\/i>, 1983<br \/> Supporto fotografico, collage, mista su carta, 30 x 20<\/td><\/tr><tr><td colspan=3><br \/><\/td><\/tr><tr><td align=left><a href=https:\/\/www.athema.it\/arcope\/benedini\/scheda_catalogo.php?OPE_CODI=0935 target=_blank><img src=https:\/\/www.athema.it\/arcope\/benedini\/images\/0935.JPG style=height:200px; \/><\/a><br \/>AGB 0935 - Mult 15<br \/><i>Lettere Italiane - mutazione (serie A)<\/i>, 1983<br \/> Supporto fotografico, collage, mista su carta, 28 x 21<\/td><td align=left><a href=https:\/\/www.athema.it\/arcope\/benedini\/scheda_catalogo.php?OPE_CODI=1613 target=_blank><img src=https:\/\/www.athema.it\/arcope\/benedini\/images\/1613.JPG style=height:200px; \/><\/a><br \/>AGB 1613 - Mult 24<br \/><i>Lettere italiane - mutazione (serie A)<\/i>, 1983<br \/> Supporto fotografico, collage, mista su carta, 30 x 21<\/td><td align=left><a href=https:\/\/www.athema.it\/arcope\/benedini\/scheda_catalogo.php?OPE_CODI=0765 target=_blank><img src=https:\/\/www.athema.it\/arcope\/benedini\/images\/0765.JPG style=height:200px; \/><\/a><br \/>AGB 0765 - Mult 13<br \/><i>Lettere italiane - mutazione (serie A)<\/i>, 1983<br \/> Supporto fotografico, collage, mista su carta, 30 x 21,5 scatola di plexiglass<\/td><\/tr><tr><td colspan=3><br \/><\/td><\/tr><tr><td align=left><a href=https:\/\/www.athema.it\/arcope\/benedini\/scheda_catalogo.php?OPE_CODI=1866 target=_blank><img src=https:\/\/www.athema.it\/arcope\/benedini\/images\/1866.JPG style=height:200px; \/><\/a><br \/>AGB 1866 - Mult 27<br \/><i>Lettere italiane - mutazioni (serie B)<\/i>, 1983<br \/> Supporto fotografico, collage, mista su carta, 29 x 21<\/td><td align=left><a href=https:\/\/www.athema.it\/arcope\/benedini\/scheda_catalogo.php?OPE_CODI=2172 target=_blank><img src=https:\/\/www.athema.it\/arcope\/benedini\/images\/2172.JPG style=height:200px; \/><\/a><br \/>AGB 2172 - Mult 30<br \/><i>Lettere italiane - mutazione<\/i>, 1983<br \/> Supporto fotografico, collage, mista su carta, 30 x 21,5<\/td><td align=left><a href=https:\/\/www.athema.it\/arcope\/benedini\/scheda_catalogo.php?OPE_CODI=1249 target=_blank><img src=https:\/\/www.athema.it\/arcope\/benedini\/images\/1249.JPG style=height:200px; \/><\/a><br \/>AGB 1249 - Mult 22<br \/><i>Lettere Italiane - mutazioni (serie B)<\/i>, 1983<br \/> Supporto fotografico, collage, mista su carta, 29,7 x 21<\/td><\/tr><tr><td colspan=3><br \/><\/td><\/tr><tr><td align=left><a href=https:\/\/www.athema.it\/arcope\/benedini\/scheda_catalogo.php?OPE_CODI=1295 target=_blank><img src=https:\/\/www.athema.it\/arcope\/benedini\/images\/1295.JPG style=height:200px; \/><\/a><br \/>AGB 1295 - Mult 23<br \/><i>Lettere Italiane - mutazioni<\/i>, 1983<br \/> Supporto fotografico e mista su carta, 21 x 30<\/td><td align=left><a href=https:\/\/www.athema.it\/arcope\/benedini\/scheda_catalogo.php?OPE_CODI=2106 target=_blank><img src=https:\/\/www.athema.it\/arcope\/benedini\/images\/2106.JPG style=height:200px; \/><\/a><br \/>AGB 2106 - Mult 29<br \/><i>Lettere italiane - mutazioni (serie B)<\/i>, 1983<br \/> Supporto fotografico, collage, mista su carta, 29,7 x 21<\/td><td align=left><a href=https:\/\/www.athema.it\/arcope\/benedini\/scheda_catalogo.php?OPE_CODI=1853 target=_blank><img src=https:\/\/www.athema.it\/arcope\/benedini\/images\/1853.JPG style=height:200px; \/><\/a><br \/>AGB 1853 - Mult 26<br \/><i>Mutazione<\/i>, 1984<br \/> Supporto fotografico e mista su carta, 21 x 30 x 4,5<\/td><\/tr><tr><td colspan=3><br \/><\/td><\/tr><tr><td align=left><a href=https:\/\/www.athema.it\/arcope\/benedini\/scheda_catalogo.php?OPE_CODI=1852 target=_blank><img src=https:\/\/www.athema.it\/arcope\/benedini\/images\/1852.JPG style=height:200px; \/><\/a><br \/>AGB 1852 - Mult 25<br \/><i>Enigma<\/i>, 1984<br \/> Supporto fotografico, collage, mista su carta, 21 x 30 x 4,5<\/td><td align=left><a href=https:\/\/www.athema.it\/arcope\/benedini\/scheda_catalogo.php?OPE_CODI=2298 target=_blank><img src=https:\/\/www.athema.it\/arcope\/benedini\/images\/2298.JPG style=height:200px; \/><\/a><br \/>AGB 2298 - Mult 31<br \/><i>Mutazione<\/i>, 1984<br \/> Supporto fotografico e mista su carta, 29,5 x 21<\/td><td align=left><a href=https:\/\/www.athema.it\/arcope\/benedini\/scheda_catalogo.php?OPE_CODI=2299 target=_blank><img src=https:\/\/www.athema.it\/arcope\/benedini\/images\/2299.JPG style=height:200px; \/><\/a><br \/>AGB 2299 - Mult 32<br \/><i>Mutazione trasmutazione<\/i>, 1984<br \/> Supporto fotografico e mista su carta, 29,5 x 21<\/td><\/tr><tr><td colspan=3><br \/><\/td><\/tr><tr><td align=left><a href=https:\/\/www.athema.it\/arcope\/benedini\/scheda_catalogo.php?OPE_CODI=2300 target=_blank><img src=https:\/\/www.athema.it\/arcope\/benedini\/images\/2300.JPG style=height:200px; \/><\/a><br \/>AGB 2300 - Mult 33<br \/><i>Mutazione<\/i>, 1984<br \/> Supporto fotografico e mista su carta, 29,5 x 21<\/td><td align=left><a href=https:\/\/www.athema.it\/arcope\/benedini\/scheda_catalogo.php?OPE_CODI=1035 target=_blank><img src=https:\/\/www.athema.it\/arcope\/benedini\/images\/1035.JPG style=height:200px; \/><\/a><br \/>AGB 1035 - Mult 18<br \/><i>Enigma<\/i>, 1984<br \/> Supporto fotografico, collage, mista su carta, 30 x 21<\/td><td align=left><a href=https:\/\/www.athema.it\/arcope\/benedini\/scheda_catalogo.php?OPE_CODI=1144 target=_blank><img src=https:\/\/www.athema.it\/arcope\/benedini\/images\/1144.JPG style=height:200px; \/><\/a><br \/>AGB 1144 - Mult 20<br \/><i>Mutazione<\/i>, 1984<br \/> Supporto fotografico e mista su carta, 31 x 21,5<\/td><\/tr><tr><td colspan=3><br \/><\/td><\/tr><tr><td align=left><a href=https:\/\/www.athema.it\/arcope\/benedini\/scheda_catalogo.php?OPE_CODI=1116 target=_blank><img src=https:\/\/www.athema.it\/arcope\/benedini\/images\/1116.JPG style=height:200px; \/><\/a><br \/>AGB 1116 - Mult 19<br \/><i>Enigma<\/i>, 1984<br \/> Supporto fotografico, collage, mista su carta, 28 x 21<\/td><td align=left><a href=https:\/\/www.athema.it\/arcope\/benedini\/scheda_catalogo.php?OPE_CODI=1028 target=_blank><img src=https:\/\/www.athema.it\/arcope\/benedini\/images\/1028.JPG style=height:200px; \/><\/a><br \/>AGB 1028 - Mult 17<br \/><i>Segni d'aria<\/i>, 1984<br \/> Supporto fotografico e mista su carta, 30 x 21,5<\/td><td align=left><a href=https:\/\/www.athema.it\/arcope\/benedini\/scheda_catalogo.php?OPE_CODI=0766 target=_blank><img src=https:\/\/www.athema.it\/arcope\/benedini\/images\/0766.JPG style=height:200px; \/><\/a><br \/>AGB 0766 - Mult 14<br \/><i>Enigma<\/i>, 1984<br \/> Supporto fotografico, collage, mista su carta, 29,8 x 21 scatola in plexiglas<\/td><\/tr><tr><td colspan=3><br \/><\/td><\/tr><tr><td align=left><a href=https:\/\/www.athema.it\/arcope\/benedini\/scheda_catalogo.php?OPE_CODI=0482 target=_blank><img src=https:\/\/www.athema.it\/arcope\/benedini\/images\/0482.JPG style=height:200px; \/><\/a><br \/>AGB 0482 - Mult 11<br \/><i>Segni d'aria<\/i>, 1984<br \/> Supporto fotografico e mista su carta, 30 x 21,5<\/td><td align=left><a href=https:\/\/www.athema.it\/arcope\/benedini\/scheda_catalogo.php?OPE_CODI=0479 target=_blank><img src=https:\/\/www.athema.it\/arcope\/benedini\/images\/0479.JPG style=height:200px; \/><\/a><br \/>AGB 0479 - Mult 8<br \/><i>Segni d'aria<\/i>, 1984<br \/> Supporto fotografico e mista su carta, 30 x 21,4<\/td><td align=left><a href=https:\/\/www.athema.it\/arcope\/benedini\/scheda_catalogo.php?OPE_CODI=0472 target=_blank><img src=https:\/\/www.athema.it\/arcope\/benedini\/images\/0472.JPG style=height:200px; \/><\/a><br \/>AGB 0472 - Mult 1<br \/><i>Segni d'aria<\/i>, 1985<br \/> Supporto fotografico e mista su carta, 30 x 21,4<\/td><\/tr><tr><td colspan=3><br \/><\/td><\/tr><tr><td align=left><a href=https:\/\/www.athema.it\/arcope\/benedini\/scheda_catalogo.php?OPE_CODI=0483 target=_blank><img src=https:\/\/www.athema.it\/arcope\/benedini\/images\/0483.JPG style=height:200px; \/><\/a><br \/>AGB 0483 - Mult 12<br \/><i>Segni d'aria<\/i>, 1985<br \/> Supporto fotografico e mista su carta, 30 x 21,2<\/td><td align=left><a href=https:\/\/www.athema.it\/arcope\/benedini\/scheda_catalogo.php?OPE_CODI=0481 target=_blank><img src=https:\/\/www.athema.it\/arcope\/benedini\/images\/0481.JPG style=height:200px; \/><\/a><br \/>AGB 0481 - Mult 10<br \/><i>Segni d'aria<\/i>, 1985<br \/> Supporto fotografico e mista su carta, 29,9 x 21,5<\/td><td align=left><a href=https:\/\/www.athema.it\/arcope\/benedini\/scheda_catalogo.php?OPE_CODI=2073 target=_blank><img src=https:\/\/www.athema.it\/arcope\/benedini\/images\/2073.JPG style=height:200px; \/><\/a><br \/>AGB 2073 - Mult 28<br \/><i>Segni d'aria<\/i>, 1985<br \/> Supporto fotografico e mista su carta, 21 x 30<\/td><\/tr><tr><td colspan=3><br \/><\/td><\/tr><tr><td align=left><a href=https:\/\/www.athema.it\/arcope\/benedini\/scheda_catalogo.php?OPE_CODI=0480 target=_blank><img src=https:\/\/www.athema.it\/arcope\/benedini\/images\/0480.JPG style=height:200px; \/><\/a><br \/>AGB 0480 - Mult 9<br \/><i>Segni d'aria<\/i>, 1985<br \/> Supporto fotografico e mista su carta, 30 x 21,5<\/td><td align=left><a href=https:\/\/www.athema.it\/arcope\/benedini\/scheda_catalogo.php?OPE_CODI=0478 target=_blank><img src=https:\/\/www.athema.it\/arcope\/benedini\/images\/0478.JPG style=height:200px; \/><\/a><br \/>AGB 0478 - Mult 7<br \/><i>Segni d'aria<\/i>, 1985<br \/> Supporto fotografico e mista su carta, 29,8 x 21<\/td><td align=left><a href=https:\/\/www.athema.it\/arcope\/benedini\/scheda_catalogo.php?OPE_CODI=0477 target=_blank><img src=https:\/\/www.athema.it\/arcope\/benedini\/images\/0477.JPG style=height:200px; \/><\/a><br \/>AGB 0477 - Mult 6<br \/><i>Segni d'aria<\/i>, 1985<br \/> Supporto fotografico e mista su carta, 29,9 x 21<\/td><\/tr><tr><td colspan=3><br \/><\/td><\/tr><tr><td align=left><a href=https:\/\/www.athema.it\/arcope\/benedini\/scheda_catalogo.php?OPE_CODI=0476 target=_blank><img src=https:\/\/www.athema.it\/arcope\/benedini\/images\/0476.JPG style=height:200px; \/><\/a><br \/>AGB 0476 - Mult 5<br \/><i>Segni d'aria<\/i>, 1985<br \/> Supporto fotografico e mista su carta, 30 x 21,5<\/td><td align=left><a href=https:\/\/www.athema.it\/arcope\/benedini\/scheda_catalogo.php?OPE_CODI=0475 target=_blank><img src=https:\/\/www.athema.it\/arcope\/benedini\/images\/0475.JPG style=height:200px; \/><\/a><br \/>AGB 0475 - Mult 4<br \/><i>Segni d'aria<\/i>, 1985<br \/> Supporto fotografico e mista su carta, 30 x 21,5<\/td><td align=left><a href=https:\/\/www.athema.it\/arcope\/benedini\/scheda_catalogo.php?OPE_CODI=0474 target=_blank><img src=https:\/\/www.athema.it\/arcope\/benedini\/images\/0474.JPG style=height:200px; \/><\/a><br \/>AGB 0474 - Mult 3<br \/><i>Segni d'aria<\/i>, 1985<br \/> Supporto fotografico e mista su carta, 29,8 x 21<\/td><\/tr><tr><td colspan=3><br \/><\/td><\/tr><tr><td align=left><a href=https:\/\/www.athema.it\/arcope\/benedini\/scheda_catalogo.php?OPE_CODI=0473 target=_blank><img src=https:\/\/www.athema.it\/arcope\/benedini\/images\/0473.JPG style=height:200px; \/><\/a><br \/>AGB 0473 - Mult 2<br \/><i>Segni d'aria<\/i>, 1986<br \/> Supporto fotografico e mista su carta, 30 x 21.4<\/td><\/table>\n\n","protected":false},"excerpt":{"rendered":"<p>Multipli Tra il 1983 e il 1984 Gabriella Benedini realizza dei multipli, intitolati Lettere italiane ed Enigma. Alla base di questi lavori compaiono delle riproduzioni tratte da un disegno dell&#8217;artista, sulle quali sono operati degli interventi che rendono unico ogni singolo lavoro. Tali interventi sono costituiti da disegni, ma anche dall&#8217;applicazione di carte e l&#8217;opera \u00e8 spesso completata con l&#8217;inserimento di un uovo di marmo, chiaro simbolo di fecondit\u00e0. Il tutto\u00a0 racchiuso in una cassettina di plexiglas che d\u00e0 forma a un vero e proprio oggetto artistico. Si tratta di due differenti tipologie, proposte ciascuna in pi\u00f9 esemplari, mutuando in alcuni casi la numerazione dal mondo dell&#8217;incisione e sottolineando, in&hellip; <a class=\"read-more\" href=\"https:\/\/www.athema.it\/catalogo_benedini\/multipli\/\">Read More<\/a><\/p>\n","protected":false},"author":1,"featured_media":0,"parent":0,"menu_order":0,"comment_status":"closed","ping_status":"closed","template":"","meta":{"footnotes":""},"class_list":["post-1000","page","type-page","status-publish","hentry"],"_links":{"self":[{"href":"https:\/\/www.athema.it\/catalogo_benedini\/wp-json\/wp\/v2\/pages\/1000","targetHints":{"allow":["GET"]}}],"collection":[{"href":"https:\/\/www.athema.it\/catalogo_benedini\/wp-json\/wp\/v2\/pages"}],"about":[{"href":"https:\/\/www.athema.it\/catalogo_benedini\/wp-json\/wp\/v2\/types\/page"}],"author":[{"embeddable":true,"href":"https:\/\/www.athema.it\/catalogo_benedini\/wp-json\/wp\/v2\/users\/1"}],"replies":[{"embeddable":true,"href":"https:\/\/www.athema.it\/catalogo_benedini\/wp-json\/wp\/v2\/comments?post=1000"}],"version-history":[{"count":6,"href":"https:\/\/www.athema.it\/catalogo_benedini\/wp-json\/wp\/v2\/pages\/1000\/revisions"}],"predecessor-version":[{"id":2237,"href":"https:\/\/www.athema.it\/catalogo_benedini\/wp-json\/wp\/v2\/pages\/1000\/revisions\/2237"}],"wp:attachment":[{"href":"https:\/\/www.athema.it\/catalogo_benedini\/wp-json\/wp\/v2\/media?parent=1000"}],"curies":[{"name":"wp","href":"https:\/\/api.w.org\/{rel}","templated":true}]}}